{"id":631,"date":"2018-03-17T21:10:43","date_gmt":"2018-03-17T21:10:43","guid":{"rendered":"http:\/\/regresenger.com\/?page_id=631"},"modified":"2018-03-25T20:52:40","modified_gmt":"2018-03-25T20:52:40","slug":"pinball","status":"publish","type":"page","link":"https:\/\/regresenger.com\/?page_id=631","title":{"rendered":"Montaje de una pinball virtual"},"content":{"rendered":"<p>El 23 de Enero de 2018 empec\u00e9 a fabricarme mi futura maquina pinball virtual, primero me descargu\u00e9 el esquema estandar de una pinball <a href=\"https:\/\/regresenger.com\/wp-content\/uploads\/2018\/03\/Visio-williams-std-body-cabinet.pdf\" target=\"_blank\" rel=\"noopener\">Williams <\/a>, ten\u00eda claro que ten\u00eda que reducir las medidas lo m\u00e1ximo posible para una playfield de 40&#8243;, de ancho no pod\u00eda pasar de 60cm , tanto el backbox ( parte de arriba y marcadores) como la cabinet (pantalla tv 40&#8243;) ,\u00a0 reduc\u00ed tambien 21 cm. el\u00a0 largo de la m\u00e1quina, he reducido tambi\u00e9n el fondo a 15 cm el backbox (lo justo k me entren los dos monitores y los altavoces)\u00a0 y lo he hecho plegable hacia la cabinet asi que no hay que desmontar nada salvo las patas y en caso de desplazamiento m\u00e1quina, pasa sin problemas por los puertas de mi piso.<\/p>\n<p>Me he gastado unos 1900 euros, la mayor inversi\u00f3n es un PC potente con una grafica para 4k y una TV de 4k. , (las maderas, los monitores y la vieja barra sonido regalados). Sin salir de la web <a href=\"http:\/\/pinballvirtual.es\/\" target=\"_blank\" rel=\"noopener\">pinballvirtual.es<\/a>\u00a0 he construido mi maquina pinball. Agradecimientos a Victor de <a href=\"http:\/\/blog.pcteknic.es\/\" target=\"_blank\" rel=\"noopener\">pcteknic<\/a> por su ayuda. Esto es lo que he necesitado:<\/p>\n<p><img loading=\"lazy\" decoding=\"async\" class=\"alignnone size-full wp-image-667\" src=\"https:\/\/regresenger.com\/wp-content\/uploads\/2018\/03\/pinball_regresenger.jpg\" alt=\"\" width=\"1074\" height=\"1878\" srcset=\"https:\/\/regresenger.com\/wp-content\/uploads\/2018\/03\/pinball_regresenger.jpg 1074w, https:\/\/regresenger.com\/wp-content\/uploads\/2018\/03\/pinball_regresenger-600x1049.jpg 600w, https:\/\/regresenger.com\/wp-content\/uploads\/2018\/03\/pinball_regresenger-172x300.jpg 172w, https:\/\/regresenger.com\/wp-content\/uploads\/2018\/03\/pinball_regresenger-768x1343.jpg 768w, https:\/\/regresenger.com\/wp-content\/uploads\/2018\/03\/pinball_regresenger-586x1024.jpg 586w\" sizes=\"auto, (max-width: 1074px) 100vw, 1074px\" \/><\/p>\n<p><img loading=\"lazy\" decoding=\"async\" class=\"alignnone size-full wp-image-650\" src=\"https:\/\/regresenger.com\/wp-content\/uploads\/2018\/03\/despiece_pinball.png\" alt=\"\" width=\"2480\" height=\"3508\" srcset=\"https:\/\/regresenger.com\/wp-content\/uploads\/2018\/03\/despiece_pinball.png 2480w, https:\/\/regresenger.com\/wp-content\/uploads\/2018\/03\/despiece_pinball-600x849.png 600w, https:\/\/regresenger.com\/wp-content\/uploads\/2018\/03\/despiece_pinball-212x300.png 212w, https:\/\/regresenger.com\/wp-content\/uploads\/2018\/03\/despiece_pinball-768x1086.png 768w, https:\/\/regresenger.com\/wp-content\/uploads\/2018\/03\/despiece_pinball-724x1024.png 724w\" sizes=\"auto, (max-width: 2480px) 100vw, 2480px\" \/><\/p>\n<p>&nbsp;<\/p>\n<p>Esquema de todos los pulsadores de la pinball a la interface USB\u00a0 XM03,\u00a0 los botones verdes son los que mueven la pantalla y hacen la funci\u00f3n de la flecha arriba-abajo del men\u00fa.\u00a0 Los amarillos son los flipper y tambien hacen la funci\u00f3n de la flecha izda-dcha del men\u00fa.<\/p>\n<p><img loading=\"lazy\" decoding=\"async\" class=\"alignnone size-full wp-image-652\" src=\"https:\/\/regresenger.com\/wp-content\/uploads\/2018\/03\/ESQUEMA-BOTONES.png\" alt=\"\" width=\"2480\" height=\"3508\" srcset=\"https:\/\/regresenger.com\/wp-content\/uploads\/2018\/03\/ESQUEMA-BOTONES.png 2480w, https:\/\/regresenger.com\/wp-content\/uploads\/2018\/03\/ESQUEMA-BOTONES-600x849.png 600w, https:\/\/regresenger.com\/wp-content\/uploads\/2018\/03\/ESQUEMA-BOTONES-212x300.png 212w, https:\/\/regresenger.com\/wp-content\/uploads\/2018\/03\/ESQUEMA-BOTONES-768x1086.png 768w, https:\/\/regresenger.com\/wp-content\/uploads\/2018\/03\/ESQUEMA-BOTONES-724x1024.png 724w\" sizes=\"auto, (max-width: 2480px) 100vw, 2480px\" \/><\/p>\n<p>&nbsp;<\/p>\n<h3>Montaje paso a paso pinball<\/h3>\n<p>Lo primero hice el cabinet con madera DM, y como no ten\u00eda madera\u00a0 suficiente para todo aproveche un armario viejo para hacer el backglass con aglomerado.<br \/>\n<img loading=\"lazy\" decoding=\"async\" class=\"alignnone size-large wp-image-646\" src=\"https:\/\/regresenger.com\/wp-content\/uploads\/2018\/03\/montaje1-1024x716.jpg\" alt=\"\" width=\"750\" height=\"524\" srcset=\"https:\/\/regresenger.com\/wp-content\/uploads\/2018\/03\/montaje1-1024x716.jpg 1024w, https:\/\/regresenger.com\/wp-content\/uploads\/2018\/03\/montaje1-600x420.jpg 600w, https:\/\/regresenger.com\/wp-content\/uploads\/2018\/03\/montaje1-300x210.jpg 300w, https:\/\/regresenger.com\/wp-content\/uploads\/2018\/03\/montaje1-768x537.jpg 768w, https:\/\/regresenger.com\/wp-content\/uploads\/2018\/03\/montaje1.jpg 1251w\" sizes=\"auto, (max-width: 750px) 100vw, 750px\" \/><\/p>\n<p>Le he puesto un soporte de madera\u00a0 con dos pestillos laterales\u00a0 para sujetar la TV\u00a0 y\u00a0 abatible para poder acceder al interior de la cabinet para mantenimiento ,limpieza etc&#8230; Las patas las he hecho con cuadradillo de 4 x 4 cm. con un corte de 20cm en los angulos superiores para que apoye la maquina y sujecci\u00f3n mediante tornillos.<\/p>\n<p><img loading=\"lazy\" decoding=\"async\" class=\"alignnone size-full wp-image-636\" src=\"https:\/\/regresenger.com\/wp-content\/uploads\/2018\/03\/montaje2.jpg\" alt=\"\" width=\"1251\" height=\"875\" srcset=\"https:\/\/regresenger.com\/wp-content\/uploads\/2018\/03\/montaje2.jpg 1251w, https:\/\/regresenger.com\/wp-content\/uploads\/2018\/03\/montaje2-600x420.jpg 600w, https:\/\/regresenger.com\/wp-content\/uploads\/2018\/03\/montaje2-300x210.jpg 300w, https:\/\/regresenger.com\/wp-content\/uploads\/2018\/03\/montaje2-768x537.jpg 768w, https:\/\/regresenger.com\/wp-content\/uploads\/2018\/03\/montaje2-1024x716.jpg 1024w\" sizes=\"auto, (max-width: 1251px) 100vw, 1251px\" \/><\/p>\n<p><img loading=\"lazy\" decoding=\"async\" class=\"alignnone size-full wp-image-661\" src=\"https:\/\/regresenger.com\/wp-content\/uploads\/2018\/03\/14.jpg\" alt=\"\" width=\"600\" height=\"450\" srcset=\"https:\/\/regresenger.com\/wp-content\/uploads\/2018\/03\/14.jpg 600w, https:\/\/regresenger.com\/wp-content\/uploads\/2018\/03\/14-300x225.jpg 300w\" sizes=\"auto, (max-width: 600px) 100vw, 600px\" \/><\/p>\n<p>Aqui la TV 40 \u00bb que encaja en la cabinet, reducionendo todo lo posible las medidas de una pinball standar.<\/p>\n<p><img loading=\"lazy\" decoding=\"async\" class=\"alignnone size-full wp-image-639\" src=\"https:\/\/regresenger.com\/wp-content\/uploads\/2018\/03\/7.jpg\" alt=\"\" width=\"600\" height=\"450\" srcset=\"https:\/\/regresenger.com\/wp-content\/uploads\/2018\/03\/7.jpg 600w, https:\/\/regresenger.com\/wp-content\/uploads\/2018\/03\/7-300x225.jpg 300w\" sizes=\"auto, (max-width: 600px) 100vw, 600px\" \/><\/p>\n<p>Parte delantera de la backglass con las dos pantallas y el metacrilato, en el monitor 3 s\u00f3lo se va a usar la parte de arriba, el resto esta tapada por una antigua barra de sonido. En la parte trasera sujecci\u00f3n de los monitores al backglass.<\/p>\n<p><img loading=\"lazy\" decoding=\"async\" class=\"alignnone size-full wp-image-640\" src=\"https:\/\/regresenger.com\/wp-content\/uploads\/2018\/03\/montaje4.jpg\" alt=\"\" width=\"1251\" height=\"875\" srcset=\"https:\/\/regresenger.com\/wp-content\/uploads\/2018\/03\/montaje4.jpg 1251w, https:\/\/regresenger.com\/wp-content\/uploads\/2018\/03\/montaje4-600x420.jpg 600w, https:\/\/regresenger.com\/wp-content\/uploads\/2018\/03\/montaje4-300x210.jpg 300w, https:\/\/regresenger.com\/wp-content\/uploads\/2018\/03\/montaje4-768x537.jpg 768w, https:\/\/regresenger.com\/wp-content\/uploads\/2018\/03\/montaje4-1024x716.jpg 1024w\" sizes=\"auto, (max-width: 1251px) 100vw, 1251px\" \/><\/p>\n<p>Para la uni\u00f3n del backglass y la cabinet le he puesto unas bisagras de libro, que en caso de traslado a otro lugar puedo abatirlo sin necesidad de desmontar nada.<\/p>\n<p><img loading=\"lazy\" decoding=\"async\" class=\"alignnone size-full wp-image-662\" src=\"https:\/\/regresenger.com\/wp-content\/uploads\/2018\/03\/15.jpg\" alt=\"\" width=\"600\" height=\"450\" srcset=\"https:\/\/regresenger.com\/wp-content\/uploads\/2018\/03\/15.jpg 600w, https:\/\/regresenger.com\/wp-content\/uploads\/2018\/03\/15-300x225.jpg 300w\" sizes=\"auto, (max-width: 600px) 100vw, 600px\" \/><\/p>\n<p>INTERIOR CABINET<\/p>\n<p>Al fondo le he puesto dos ventiladores silenciosos de 12 x 12 cm., a la izda esta el amplificador y potenciometro de los altavoces,la interface USB , enchufes (lo que se ve con rejilla es el soporte de la tv para que no se pierda) y en el centro el PC.<\/p>\n<p><img loading=\"lazy\" decoding=\"async\" class=\"alignnone size-full wp-image-663\" src=\"https:\/\/regresenger.com\/wp-content\/uploads\/2018\/03\/10.jpg\" alt=\"\" width=\"600\" height=\"450\" srcset=\"https:\/\/regresenger.com\/wp-content\/uploads\/2018\/03\/10.jpg 600w, https:\/\/regresenger.com\/wp-content\/uploads\/2018\/03\/10-300x225.jpg 300w\" sizes=\"auto, (max-width: 600px) 100vw, 600px\" \/><\/p>\n<p>Le he puesto un interruptor doble, por que quiero utilizar tambi\u00e9n el PC para trabajos de dise\u00f1o y ofimatica con un cuarto monitor en un escritorio aparte, asi cuando quiero usarlo apago las tres pantallas de la pinball y a funcionar.<\/p>\n<p><img loading=\"lazy\" decoding=\"async\" class=\"alignnone size-full wp-image-664\" src=\"https:\/\/regresenger.com\/wp-content\/uploads\/2018\/03\/11.jpg\" alt=\"\" width=\"600\" height=\"450\" srcset=\"https:\/\/regresenger.com\/wp-content\/uploads\/2018\/03\/11.jpg 600w, https:\/\/regresenger.com\/wp-content\/uploads\/2018\/03\/11-300x225.jpg 300w\" sizes=\"auto, (max-width: 600px) 100vw, 600px\" \/><\/p>\n<p><img loading=\"lazy\" decoding=\"async\" class=\"alignnone size-full wp-image-665\" src=\"https:\/\/regresenger.com\/wp-content\/uploads\/2018\/03\/12.jpg\" alt=\"\" width=\"600\" height=\"450\" srcset=\"https:\/\/regresenger.com\/wp-content\/uploads\/2018\/03\/12.jpg 600w, https:\/\/regresenger.com\/wp-content\/uploads\/2018\/03\/12-300x225.jpg 300w\" sizes=\"auto, (max-width: 600px) 100vw, 600px\" \/><\/p>\n<p><img loading=\"lazy\" decoding=\"async\" class=\"alignnone size-full wp-image-666\" src=\"https:\/\/regresenger.com\/wp-content\/uploads\/2018\/03\/13.jpg\" alt=\"\" width=\"600\" height=\"450\" srcset=\"https:\/\/regresenger.com\/wp-content\/uploads\/2018\/03\/13.jpg 600w, https:\/\/regresenger.com\/wp-content\/uploads\/2018\/03\/13-300x225.jpg 300w\" sizes=\"auto, (max-width: 600px) 100vw, 600px\" \/><\/p>\n<p><img loading=\"lazy\" decoding=\"async\" class=\"alignnone size-full wp-image-680\" src=\"https:\/\/regresenger.com\/wp-content\/uploads\/2018\/03\/16.jpg\" alt=\"\" width=\"600\" height=\"450\" srcset=\"https:\/\/regresenger.com\/wp-content\/uploads\/2018\/03\/16.jpg 600w, https:\/\/regresenger.com\/wp-content\/uploads\/2018\/03\/16-300x225.jpg 300w\" sizes=\"auto, (max-width: 600px) 100vw, 600px\" \/><\/p>\n","protected":false},"excerpt":{"rendered":"<p>El 23 de Enero de 2018 empec\u00e9 a fabricarme mi futura maquina pinball virtual, primero me descargu\u00e9 el esquema estandar de una pinball Williams , ten\u00eda claro que ten\u00eda que reducir las medidas lo m\u00e1ximo posible para una playfield de<\/p>\n","protected":false},"author":1,"featured_media":669,"parent":0,"menu_order":0,"comment_status":"closed","ping_status":"closed","template":"","meta":{"footnotes":""},"class_list":["post-631","page","type-page","status-publish","has-post-thumbnail","hentry"],"_links":{"self":[{"href":"https:\/\/regresenger.com\/index.php?rest_route=\/wp\/v2\/pages\/631","targetHints":{"allow":["GET"]}}],"collection":[{"href":"https:\/\/regresenger.com\/index.php?rest_route=\/wp\/v2\/pages"}],"about":[{"href":"https:\/\/regresenger.com\/index.php?rest_route=\/wp\/v2\/types\/page"}],"author":[{"embeddable":true,"href":"https:\/\/regresenger.com\/index.php?rest_route=\/wp\/v2\/users\/1"}],"replies":[{"embeddable":true,"href":"https:\/\/regresenger.com\/index.php?rest_route=%2Fwp%2Fv2%2Fcomments&post=631"}],"version-history":[{"count":20,"href":"https:\/\/regresenger.com\/index.php?rest_route=\/wp\/v2\/pages\/631\/revisions"}],"predecessor-version":[{"id":681,"href":"https:\/\/regresenger.com\/index.php?rest_route=\/wp\/v2\/pages\/631\/revisions\/681"}],"wp:featuredmedia":[{"embeddable":true,"href":"https:\/\/regresenger.com\/index.php?rest_route=\/wp\/v2\/media\/669"}],"wp:attachment":[{"href":"https:\/\/regresenger.com\/index.php?rest_route=%2Fwp%2Fv2%2Fmedia&parent=631"}],"curies":[{"name":"wp","href":"https:\/\/api.w.org\/{rel}","templated":true}]}}