{"id":571,"date":"2018-01-11T15:00:14","date_gmt":"2018-01-11T15:00:14","guid":{"rendered":"http:\/\/regresenger.com\/?page_id=571"},"modified":"2018-01-11T16:12:49","modified_gmt":"2018-01-11T16:12:49","slug":"restauracion-maquina-arcade","status":"publish","type":"page","link":"https:\/\/regresenger.com\/?page_id=571","title":{"rendered":"Restauraci\u00f3n m\u00e1quina ARCADE"},"content":{"rendered":"<p>En los a\u00f1os 80 y 90 estas m\u00e1quinas eran nuestras playstations, mi juego favorito era \u00abgalaxians\u00bb el de los marcianitos . Hace unos a\u00f1os cay\u00f3 en mis manos una m\u00e1quina arcade\u00a0 abandonada, ten\u00eda\u00a0 dos juegos, el \u00abbubble bobble\u00bb y \u00abstreet fighter\u00bb.\u00a0 Empec\u00e9 a leer sobre los juegos MAME y poder jugar a un mont\u00f3n de juegos de los de antes en una s\u00f3la m\u00e1qina, asi que segu\u00ed el tutorial de pc2jamma interface\u00a0 que junto con un pentium III con el sistema operativo retroOS, y una pantalla 19&#8243; m\u00e1s la placa pcjamma consegu\u00ed jugar a mi juego favorito&#8230;<br \/>\nUnos a\u00f1os despu\u00e9s decid\u00ed tunear la m\u00e1quina y ponerle en el interior mi equipo de musica viejo, para aprovechar sitio quit\u00e9 el viejo pentium III, y coloqu\u00e9 el sistema multijuegos Pandora 4s aprovechando la placa jammma que ten\u00eda.<br \/>\nPara el tema del tuneado de la m\u00e1quina, me gustaba unos vinilos de Mazinger Z, pero quer\u00eda hacer algo diferente, asi que opt\u00e9 por Robinson Crusoe, De peque\u00f1o es el \u00fanico libro que empec\u00e9 a leerlo pero no lo termim\u00e9, Hasta que 30 a\u00f1os m\u00e1s tarde, lo le\u00ed entero y hasta hice una versi\u00f3n m\u00e1s moderna.<\/p>\n<p>Asi es la m\u00e1quina arcade terminada con bluetooth.<\/p>\n<p>&nbsp;<\/p>\n<p><img loading=\"lazy\" decoding=\"async\" class=\"alignnone size-full wp-image-599\" src=\"https:\/\/regresenger.com\/wp-content\/uploads\/2018\/01\/13-maquina-con-bluetooht-1.jpg\" alt=\"\" width=\"560\" height=\"747\" srcset=\"https:\/\/regresenger.com\/wp-content\/uploads\/2018\/01\/13-maquina-con-bluetooht-1.jpg 560w, https:\/\/regresenger.com\/wp-content\/uploads\/2018\/01\/13-maquina-con-bluetooht-1-225x300.jpg 225w\" sizes=\"auto, (max-width: 560px) 100vw, 560px\" \/><br \/>\nAsi era la m\u00e1quina arcade cuando la encontr\u00e9.<\/p>\n<p><img loading=\"lazy\" decoding=\"async\" class=\"alignnone size-full wp-image-576\" src=\"https:\/\/regresenger.com\/wp-content\/uploads\/2018\/01\/1-original.jpg\" alt=\"\" width=\"560\" height=\"747\" srcset=\"https:\/\/regresenger.com\/wp-content\/uploads\/2018\/01\/1-original.jpg 560w, https:\/\/regresenger.com\/wp-content\/uploads\/2018\/01\/1-original-225x300.jpg 225w\" sizes=\"auto, (max-width: 560px) 100vw, 560px\" \/><\/p>\n<p>Para poner el equipo de m\u00fasica antiguo, tuve que vaciar el interior.<\/p>\n<p><img loading=\"lazy\" decoding=\"async\" class=\"alignnone size-full wp-image-577\" src=\"https:\/\/regresenger.com\/wp-content\/uploads\/2018\/01\/2-eskeleto2.jpg\" alt=\"\" width=\"560\" height=\"747\" srcset=\"https:\/\/regresenger.com\/wp-content\/uploads\/2018\/01\/2-eskeleto2.jpg 560w, https:\/\/regresenger.com\/wp-content\/uploads\/2018\/01\/2-eskeleto2-225x300.jpg 225w\" sizes=\"auto, (max-width: 560px) 100vw, 560px\" \/><\/p>\n<p>Quer\u00eda que toda la maquina estuviera iluminada, incluido la zona mandos.<\/p>\n<p><img loading=\"lazy\" decoding=\"async\" class=\"alignnone size-full wp-image-578\" src=\"https:\/\/regresenger.com\/wp-content\/uploads\/2018\/01\/3-mando-eskeleto.jpg\" alt=\"\" width=\"560\" height=\"747\" srcset=\"https:\/\/regresenger.com\/wp-content\/uploads\/2018\/01\/3-mando-eskeleto.jpg 560w, https:\/\/regresenger.com\/wp-content\/uploads\/2018\/01\/3-mando-eskeleto-225x300.jpg 225w\" sizes=\"auto, (max-width: 560px) 100vw, 560px\" \/><\/p>\n<p><img loading=\"lazy\" decoding=\"async\" class=\"alignnone size-full wp-image-579\" src=\"https:\/\/regresenger.com\/wp-content\/uploads\/2018\/01\/4-mandos-exterior.jpg\" alt=\"\" width=\"560\" height=\"747\" srcset=\"https:\/\/regresenger.com\/wp-content\/uploads\/2018\/01\/4-mandos-exterior.jpg 560w, https:\/\/regresenger.com\/wp-content\/uploads\/2018\/01\/4-mandos-exterior-225x300.jpg 225w\" sizes=\"auto, (max-width: 560px) 100vw, 560px\" \/><\/p>\n<p>Colocacion de los mandos y botoneras<\/p>\n<p><img loading=\"lazy\" decoding=\"async\" class=\"alignnone size-full wp-image-580\" src=\"https:\/\/regresenger.com\/wp-content\/uploads\/2018\/01\/5-mandos-interior.jpg\" alt=\"\" width=\"560\" height=\"747\" srcset=\"https:\/\/regresenger.com\/wp-content\/uploads\/2018\/01\/5-mandos-interior.jpg 560w, https:\/\/regresenger.com\/wp-content\/uploads\/2018\/01\/5-mandos-interior-225x300.jpg 225w\" sizes=\"auto, (max-width: 560px) 100vw, 560px\" \/><\/p>\n<p>Como todo el equipo ocupa poco sitio, (fuente alimentaci\u00f3n, pandora, altavoz,fluorescente) lo puse entre la pantalla\u00a0 de 26&#8243; y la zona mandos.<\/p>\n<p><img loading=\"lazy\" decoding=\"async\" class=\"alignnone size-full wp-image-581\" src=\"https:\/\/regresenger.com\/wp-content\/uploads\/2018\/01\/6-pandora-sin-luz.jpg\" alt=\"\" width=\"560\" height=\"420\" srcset=\"https:\/\/regresenger.com\/wp-content\/uploads\/2018\/01\/6-pandora-sin-luz.jpg 560w, https:\/\/regresenger.com\/wp-content\/uploads\/2018\/01\/6-pandora-sin-luz-300x225.jpg 300w\" sizes=\"auto, (max-width: 560px) 100vw, 560px\" \/><\/p>\n<p>aprovechando el soporte de hierro\u00a0 abatible del antiguo monitor de 25&#8243; puse la pantalla y el resto equipo.<\/p>\n<p><img loading=\"lazy\" decoding=\"async\" class=\"alignnone size-full wp-image-582\" src=\"https:\/\/regresenger.com\/wp-content\/uploads\/2018\/01\/7-pandora-luz-y-mandos.jpg\" alt=\"\" width=\"560\" height=\"747\" srcset=\"https:\/\/regresenger.com\/wp-content\/uploads\/2018\/01\/7-pandora-luz-y-mandos.jpg 560w, https:\/\/regresenger.com\/wp-content\/uploads\/2018\/01\/7-pandora-luz-y-mandos-225x300.jpg 225w\" sizes=\"auto, (max-width: 560px) 100vw, 560px\" \/><\/p>\n<p>Asi queda una vez montado e iluminado.<\/p>\n<p><img loading=\"lazy\" decoding=\"async\" class=\"alignnone size-full wp-image-583\" src=\"https:\/\/regresenger.com\/wp-content\/uploads\/2018\/01\/8-mandos-y-monedero.jpg\" alt=\"\" width=\"560\" height=\"747\" srcset=\"https:\/\/regresenger.com\/wp-content\/uploads\/2018\/01\/8-mandos-y-monedero.jpg 560w, https:\/\/regresenger.com\/wp-content\/uploads\/2018\/01\/8-mandos-y-monedero-225x300.jpg 225w\" sizes=\"auto, (max-width: 560px) 100vw, 560px\" \/><\/p>\n<p>Los altavoces los puse atras para los juegos y el equipo m\u00fasica.<\/p>\n<p><img loading=\"lazy\" decoding=\"async\" class=\"alignnone size-full wp-image-584\" src=\"https:\/\/regresenger.com\/wp-content\/uploads\/2018\/01\/9-altavoces.jpg\" alt=\"\" width=\"560\" height=\"747\" srcset=\"https:\/\/regresenger.com\/wp-content\/uploads\/2018\/01\/9-altavoces.jpg 560w, https:\/\/regresenger.com\/wp-content\/uploads\/2018\/01\/9-altavoces-225x300.jpg 225w\" sizes=\"auto, (max-width: 560px) 100vw, 560px\" \/><\/p>\n<p>Prescind\u00ed del monedero y aproveche para poner una puerta que se abre para acceder al equipo de M\u00fasica. ( falta poner el equipo antiguo, el de la foto es de prueba)<\/p>\n<p><img loading=\"lazy\" decoding=\"async\" class=\"alignnone size-full wp-image-585\" src=\"https:\/\/regresenger.com\/wp-content\/uploads\/2018\/01\/10-puerta-monederoabierta.jpg\" alt=\"\" width=\"560\" height=\"747\" srcset=\"https:\/\/regresenger.com\/wp-content\/uploads\/2018\/01\/10-puerta-monederoabierta.jpg 560w, https:\/\/regresenger.com\/wp-content\/uploads\/2018\/01\/10-puerta-monederoabierta-225x300.jpg 225w\" sizes=\"auto, (max-width: 560px) 100vw, 560px\" \/><\/p>\n<p>dos en uno, juegos mas equipo de musica.<\/p>\n<p><img loading=\"lazy\" decoding=\"async\" class=\"alignnone size-full wp-image-586\" src=\"https:\/\/regresenger.com\/wp-content\/uploads\/2018\/01\/11-desmontada-equipada.jpg\" alt=\"\" width=\"560\" height=\"747\" srcset=\"https:\/\/regresenger.com\/wp-content\/uploads\/2018\/01\/11-desmontada-equipada.jpg 560w, https:\/\/regresenger.com\/wp-content\/uploads\/2018\/01\/11-desmontada-equipada-225x300.jpg 225w\" sizes=\"auto, (max-width: 560px) 100vw, 560px\" \/><\/p>\n<p>Resultado final.<\/p>\n<p><img loading=\"lazy\" decoding=\"async\" class=\"alignnone size-full wp-image-587\" src=\"https:\/\/regresenger.com\/wp-content\/uploads\/2018\/01\/14-maquina-con-sillas.jpg\" alt=\"\" width=\"560\" height=\"747\" srcset=\"https:\/\/regresenger.com\/wp-content\/uploads\/2018\/01\/14-maquina-con-sillas.jpg 560w, https:\/\/regresenger.com\/wp-content\/uploads\/2018\/01\/14-maquina-con-sillas-225x300.jpg 225w\" sizes=\"auto, (max-width: 560px) 100vw, 560px\" \/><\/p>\n<p>Aqu\u00ed los vinilos tema robinson crusoe.<\/p>\n<p>Marquesina<\/p>\n<p><img loading=\"lazy\" decoding=\"async\" class=\"alignnone size-full wp-image-595\" src=\"https:\/\/regresenger.com\/wp-content\/uploads\/2018\/01\/A.png\" alt=\"\" width=\"560\" height=\"127\" srcset=\"https:\/\/regresenger.com\/wp-content\/uploads\/2018\/01\/A.png 560w, https:\/\/regresenger.com\/wp-content\/uploads\/2018\/01\/A-300x68.png 300w\" sizes=\"auto, (max-width: 560px) 100vw, 560px\" \/><\/p>\n<p>paneles laterales<\/p>\n<p><img loading=\"lazy\" decoding=\"async\" class=\"alignnone size-full wp-image-592\" src=\"https:\/\/regresenger.com\/wp-content\/uploads\/2018\/01\/B.png\" alt=\"\" width=\"560\" height=\"1191\" srcset=\"https:\/\/regresenger.com\/wp-content\/uploads\/2018\/01\/B.png 560w, https:\/\/regresenger.com\/wp-content\/uploads\/2018\/01\/B-141x300.png 141w, https:\/\/regresenger.com\/wp-content\/uploads\/2018\/01\/B-481x1024.png 481w\" sizes=\"auto, (max-width: 560px) 100vw, 560px\" \/><\/p>\n<p>zona pantalla<\/p>\n<p><img loading=\"lazy\" decoding=\"async\" class=\"alignnone size-full wp-image-594\" src=\"https:\/\/regresenger.com\/wp-content\/uploads\/2018\/01\/C.png\" alt=\"\" width=\"560\" height=\"513\" srcset=\"https:\/\/regresenger.com\/wp-content\/uploads\/2018\/01\/C.png 560w, https:\/\/regresenger.com\/wp-content\/uploads\/2018\/01\/C-300x275.png 300w\" sizes=\"auto, (max-width: 560px) 100vw, 560px\" \/><\/p>\n<p>zona mandos<\/p>\n<p><img loading=\"lazy\" decoding=\"async\" class=\"alignnone size-full wp-image-593\" src=\"https:\/\/regresenger.com\/wp-content\/uploads\/2018\/01\/D.png\" alt=\"\" width=\"560\" height=\"408\" srcset=\"https:\/\/regresenger.com\/wp-content\/uploads\/2018\/01\/D.png 560w, https:\/\/regresenger.com\/wp-content\/uploads\/2018\/01\/D-300x219.png 300w\" sizes=\"auto, (max-width: 560px) 100vw, 560px\" \/><\/p>\n<p>zona equipo de m\u00fasica<\/p>\n<p><img loading=\"lazy\" decoding=\"async\" class=\"alignnone size-full wp-image-596\" src=\"https:\/\/regresenger.com\/wp-content\/uploads\/2018\/01\/E.png\" alt=\"\" width=\"560\" height=\"412\" srcset=\"https:\/\/regresenger.com\/wp-content\/uploads\/2018\/01\/E.png 560w, https:\/\/regresenger.com\/wp-content\/uploads\/2018\/01\/E-300x221.png 300w\" sizes=\"auto, (max-width: 560px) 100vw, 560px\" \/><\/p>\n<p>zona recojedor monedas<\/p>\n<p><img loading=\"lazy\" decoding=\"async\" class=\"alignnone size-full wp-image-597\" src=\"https:\/\/regresenger.com\/wp-content\/uploads\/2018\/01\/F.png\" alt=\"\" width=\"560\" height=\"215\" srcset=\"https:\/\/regresenger.com\/wp-content\/uploads\/2018\/01\/F.png 560w, https:\/\/regresenger.com\/wp-content\/uploads\/2018\/01\/F-300x115.png 300w\" sizes=\"auto, (max-width: 560px) 100vw, 560px\" \/><\/p>\n","protected":false},"excerpt":{"rendered":"<p>En los a\u00f1os 80 y 90 estas m\u00e1quinas eran nuestras playstations, mi juego favorito era \u00abgalaxians\u00bb el de los marcianitos . Hace unos a\u00f1os cay\u00f3 en mis manos una m\u00e1quina arcade\u00a0 abandonada, ten\u00eda\u00a0 dos juegos, el \u00abbubble bobble\u00bb y \u00abstreet<\/p>\n","protected":false},"author":1,"featured_media":573,"parent":0,"menu_order":0,"comment_status":"closed","ping_status":"closed","template":"","meta":{"footnotes":""},"class_list":["post-571","page","type-page","status-publish","has-post-thumbnail","hentry"],"_links":{"self":[{"href":"https:\/\/regresenger.com\/index.php?rest_route=\/wp\/v2\/pages\/571","targetHints":{"allow":["GET"]}}],"collection":[{"href":"https:\/\/regresenger.com\/index.php?rest_route=\/wp\/v2\/pages"}],"about":[{"href":"https:\/\/regresenger.com\/index.php?rest_route=\/wp\/v2\/types\/page"}],"author":[{"embeddable":true,"href":"https:\/\/regresenger.com\/index.php?rest_route=\/wp\/v2\/users\/1"}],"replies":[{"embeddable":true,"href":"https:\/\/regresenger.com\/index.php?rest_route=%2Fwp%2Fv2%2Fcomments&post=571"}],"version-history":[{"count":7,"href":"https:\/\/regresenger.com\/index.php?rest_route=\/wp\/v2\/pages\/571\/revisions"}],"predecessor-version":[{"id":600,"href":"https:\/\/regresenger.com\/index.php?rest_route=\/wp\/v2\/pages\/571\/revisions\/600"}],"wp:featuredmedia":[{"embeddable":true,"href":"https:\/\/regresenger.com\/index.php?rest_route=\/wp\/v2\/media\/573"}],"wp:attachment":[{"href":"https:\/\/regresenger.com\/index.php?rest_route=%2Fwp%2Fv2%2Fmedia&parent=571"}],"curies":[{"name":"wp","href":"https:\/\/api.w.org\/{rel}","templated":true}]}}