{"id":549,"date":"2018-01-11T11:06:25","date_gmt":"2018-01-11T11:06:25","guid":{"rendered":"http:\/\/regresenger.com\/?page_id=549"},"modified":"2020-03-19T08:16:51","modified_gmt":"2020-03-19T08:16:51","slug":"attsf-2","status":"publish","type":"page","link":"https:\/\/regresenger.com\/?page_id=549","title":{"rendered":"aTTsF"},"content":{"rendered":"<p>La <strong>a<\/strong>sociaci\u00f3n <strong>T<\/strong>rabajadores y <strong>T<\/strong>\u00e9cnicos <strong>s<\/strong>in <strong>F<\/strong>romteras, nace en el a\u00f1o 2003 como Organizaci\u00f3n No Gubernamental con un objetivo claro: el apoyo a poblaciones en situaci\u00f3n especialmente vulnerable: v\u00edctimas de desastres naturales, refugiadas y afectadas por conflictos armados. Esto se concreta en intervenciones en los Campos de Refugiados Saharauis, en Colombia, en Palestina y Etiop\u00eda. aTTsF re\u00fane a un grupo de profesionales de diferentes ramas (mec\u00e1nica, electricidad, electr\u00f3nica, mantenimiento de maquinaria industrial, soldadura,fr\u00edo, fontaner\u00eda, etc.) que comparten una experiencia y una forma com\u00fan de actuar en el \u00e1mbito de la cooperaci\u00f3n internacional y la ayuda humanitaria.<\/p>\n<p>Enlace a la web de la asociaci\u00f3n Trabajadores y T\u00e9cnicos sin Fronteras\u00a0 <a href=\"http:\/\/attsf.org\/\" target=\"_blank\" rel=\"noopener noreferrer\">www.attsf.org<\/a><\/p>\n<h3>Colaboraciones con aTTsF<\/h3>\n<p><strong>1-<\/strong> <strong>ARGELIA<\/strong> , montaje de una sala blanca en un hospital de los campamentos refugiados saharauis de Tindouf (Argelia). En este proyecto de medicusmundi calatunya, aTTsF colabor\u00f3 en la construcci\u00f3n de la sala en el laboratorio del hospital<\/p>\n<p><iframe loading=\"lazy\" title=\"sala blanca en el hospital de Bachir Saleh\" width=\"750\" height=\"422\" src=\"https:\/\/www.youtube.com\/embed\/eAro3yX9roQ?feature=oembed\" frameborder=\"0\" allow=\"accelerometer; autoplay; encrypted-media; gyroscope; picture-in-picture\" allowfullscreen><\/iframe><\/p>\n<p><strong>2- ETIOP\u00cdA<\/strong>, Proyecto: Facilitar el acceso a los recursos h\u00eddricos de Somali a trav\u00e9s de la mejora de las capacidades t\u00e9cnicas de la Water Bureau de Somali, Etiopia.<br \/>\nA\u00f1o de ejecuci\u00f3n: 2014 \u2013 2016<br \/>\nN\u00ba Registro: 13-PR1-0416<br \/>\nSocios Local: SOMALI REGIONAL STATE WATER RESOURCE DEVELOPMENT BUREAU<br \/>\n\u2013 Coste Total PROYECTO: 397497 euros<br \/>\n\u2013 Aportaci\u00f3n AECID: 397497 euros.<\/p>\n<p><iframe loading=\"lazy\" title=\"attsf en Jijiga (Etiopia)\" width=\"750\" height=\"563\" src=\"https:\/\/www.youtube.com\/embed\/DwrgGyRyHGY?feature=oembed\" frameborder=\"0\" allow=\"accelerometer; autoplay; encrypted-media; gyroscope; picture-in-picture\" allowfullscreen><\/iframe><\/p>\n<p><strong>ARGELIA<\/strong>,\u00a0El d\u00eda 18 de septiembre de 2011 ,se celebr\u00f3 un acto p\u00fablico de conmemoraci\u00f3n de los cinco a\u00f1os de la puesta en marcha de la Base de Transporte, en la que varios voluntarios de aTTsF\u00a0 participaron en la construcci\u00f3n de este proyecto desde el a\u00f1o 2005 .<\/p>\n<p><iframe loading=\"lazy\" width=\"750\" height=\"422\" src=\"https:\/\/www.youtube.com\/embed\/H5ufYOI2P0k?feature=oembed\" frameborder=\"0\" allow=\"autoplay; encrypted-media\" allowfullscreen><\/iframe><\/p>\n<p><a href=\"https:\/\/get.google.com\/albumarchive\/117645686325629669915\" target=\"_blank\" rel=\"noopener noreferrer\" data-wplink-edit=\"true\">ALBUM DE FOTOS DESDE LA CONSTRUCCI\u00d3N BASE EN 2005 HASTA\u00a0 2017<\/a><\/p>\n","protected":false},"excerpt":{"rendered":"<p>La asociaci\u00f3n Trabajadores y T\u00e9cnicos sin Fromteras, nace en el a\u00f1o 2003 como Organizaci\u00f3n No Gubernamental con un objetivo claro: el apoyo a poblaciones en situaci\u00f3n especialmente vulnerable: v\u00edctimas de desastres naturales, refugiadas y afectadas por conflictos armados. Esto se<\/p>\n","protected":false},"author":1,"featured_media":373,"parent":0,"menu_order":0,"comment_status":"closed","ping_status":"closed","template":"","meta":{"footnotes":""},"class_list":["post-549","page","type-page","status-publish","has-post-thumbnail","hentry"],"_links":{"self":[{"href":"https:\/\/regresenger.com\/index.php?rest_route=\/wp\/v2\/pages\/549","targetHints":{"allow":["GET"]}}],"collection":[{"href":"https:\/\/regresenger.com\/index.php?rest_route=\/wp\/v2\/pages"}],"about":[{"href":"https:\/\/regresenger.com\/index.php?rest_route=\/wp\/v2\/types\/page"}],"author":[{"embeddable":true,"href":"https:\/\/regresenger.com\/index.php?rest_route=\/wp\/v2\/users\/1"}],"replies":[{"embeddable":true,"href":"https:\/\/regresenger.com\/index.php?rest_route=%2Fwp%2Fv2%2Fcomments&post=549"}],"version-history":[{"count":10,"href":"https:\/\/regresenger.com\/index.php?rest_route=\/wp\/v2\/pages\/549\/revisions"}],"predecessor-version":[{"id":887,"href":"https:\/\/regresenger.com\/index.php?rest_route=\/wp\/v2\/pages\/549\/revisions\/887"}],"wp:featuredmedia":[{"embeddable":true,"href":"https:\/\/regresenger.com\/index.php?rest_route=\/wp\/v2\/media\/373"}],"wp:attachment":[{"href":"https:\/\/regresenger.com\/index.php?rest_route=%2Fwp%2Fv2%2Fmedia&parent=549"}],"curies":[{"name":"wp","href":"https:\/\/api.w.org\/{rel}","templated":true}]}}