{"id":537,"date":"2018-01-11T10:55:12","date_gmt":"2018-01-11T10:55:12","guid":{"rendered":"http:\/\/regresenger.com\/?page_id=537"},"modified":"2018-08-26T09:14:32","modified_gmt":"2018-08-26T09:14:32","slug":"laguna-dos-reinos-avetoro-de-oro","status":"publish","type":"page","link":"https:\/\/regresenger.com\/?page_id=537","title":{"rendered":"Laguna Dos Reinos &#8211; Avetoro de Oro"},"content":{"rendered":"<p>Desde que empezamos en el a\u00f1o 2011, entregamos un simb\u00f3lico premio o reconocimiento a la persona o colectivo que haya destacado a lo largo del a\u00f1o, ya sea a nivel deportivo, cultural, social, medio ambiente etc..<br \/>\nEste es el avetoro de oro hecho en metacrilato que entregamos a todos los merecedores.<\/p>\n<p><img loading=\"lazy\" decoding=\"async\" class=\"size-full wp-image-538 aligncenter\" src=\"https:\/\/regresenger.com\/wp-content\/uploads\/2018\/01\/avetorodeoro.png\" alt=\"\" width=\"200\" height=\"191\" \/><\/p>\n<p>El avetoro de oro 2018 fue entregado a t\u00edtulo p\u00f3stumo a Eduardo Tragunay Ortiz \u00abjabato\u00bb por donar durante muchos a\u00f1os parte de su tiempo libre a su pueblo Figarol.<\/p>\n<p><img loading=\"lazy\" decoding=\"async\" class=\"size-medium wp-image-703 aligncenter\" src=\"https:\/\/regresenger.com\/wp-content\/uploads\/2018\/08\/edu-225x300.png\" alt=\"\" width=\"225\" height=\"300\" srcset=\"https:\/\/regresenger.com\/wp-content\/uploads\/2018\/08\/edu-225x300.png 225w, https:\/\/regresenger.com\/wp-content\/uploads\/2018\/08\/edu.png 500w\" sizes=\"auto, (max-width: 225px) 100vw, 225px\" \/><\/p>\n<p>El avetoro de oro 2017 fue entregado al C.D. Larrate por su asecenso a la liga primera auton\u00f3mica de f\u00fatbol por primera vez en su historia.<\/p>\n<p><img loading=\"lazy\" decoding=\"async\" class=\"size-full wp-image-539 aligncenter\" src=\"https:\/\/regresenger.com\/wp-content\/uploads\/2018\/01\/avetoro2017.jpg\" alt=\"\" width=\"200\" height=\"177\" \/><\/p>\n<p>El avetoro de oro 2016 fue entregado al figarol\u00e9s Javier Ozcoz por conseguir el campeonato de Espa\u00f1a de tiro al plato 2016.<\/p>\n<p><img loading=\"lazy\" decoding=\"async\" class=\"size-full wp-image-541 aligncenter\" src=\"https:\/\/regresenger.com\/wp-content\/uploads\/2018\/01\/2015.jpg\" alt=\"\" width=\"200\" height=\"225\" \/><\/p>\n<p>&nbsp;<\/p>\n<p>El avetoro de oro 2015, fue entregado previo sorteo, al figarol\u00e9s Javier Galarreta en representaci\u00f3n de los 90 voluntarios que contribuyeron en los fr\u00edos d\u00edas de diciembre de 2015 en la plantaci\u00f3n de \u00e1rboles y la construcci\u00f3n de las islas flotantes.<\/p>\n<p><img loading=\"lazy\" decoding=\"async\" class=\"size-full wp-image-540 aligncenter\" src=\"https:\/\/regresenger.com\/wp-content\/uploads\/2018\/01\/2016.jpg\" alt=\"\" width=\"200\" height=\"150\" \/><\/p>\n<p>El avetoro de oro 2012, fue entregado a los arquitectos carcastillejos mugueta y gutierrez por la reconstrucci\u00f3n de la torre caracol que se quem\u00f3 hace m\u00e1s de 30 a\u00f1os.<\/p>\n<p><img loading=\"lazy\" decoding=\"async\" class=\"size-full wp-image-542 aligncenter\" src=\"https:\/\/regresenger.com\/wp-content\/uploads\/2018\/01\/2012.jpg\" alt=\"\" width=\"200\" height=\"133\" \/><\/p>\n<p>El avetoro de oro 2011, fue entregado al figarol\u00e9s Juan Peralta Gasc\u00f3n por la conseguir el campeonato de Espa\u00f1a 2011 de ciclismo en pista.<\/p>\n<p><img loading=\"lazy\" decoding=\"async\" class=\"size-full wp-image-543 aligncenter\" src=\"https:\/\/regresenger.com\/wp-content\/uploads\/2018\/01\/2011.jpg\" alt=\"\" width=\"200\" height=\"134\" \/><\/p>\n","protected":false},"excerpt":{"rendered":"<p>Desde que empezamos en el a\u00f1o 2011, entregamos un simb\u00f3lico premio o reconocimiento a la persona o colectivo que haya destacado a lo largo del a\u00f1o, ya sea a nivel deportivo, cultural, social, medio ambiente etc.. Este es el avetoro<\/p>\n","protected":false},"author":1,"featured_media":0,"parent":0,"menu_order":0,"comment_status":"closed","ping_status":"closed","template":"","meta":{"footnotes":""},"class_list":["post-537","page","type-page","status-publish","hentry"],"_links":{"self":[{"href":"https:\/\/regresenger.com\/index.php?rest_route=\/wp\/v2\/pages\/537","targetHints":{"allow":["GET"]}}],"collection":[{"href":"https:\/\/regresenger.com\/index.php?rest_route=\/wp\/v2\/pages"}],"about":[{"href":"https:\/\/regresenger.com\/index.php?rest_route=\/wp\/v2\/types\/page"}],"author":[{"embeddable":true,"href":"https:\/\/regresenger.com\/index.php?rest_route=\/wp\/v2\/users\/1"}],"replies":[{"embeddable":true,"href":"https:\/\/regresenger.com\/index.php?rest_route=%2Fwp%2Fv2%2Fcomments&post=537"}],"version-history":[{"count":3,"href":"https:\/\/regresenger.com\/index.php?rest_route=\/wp\/v2\/pages\/537\/revisions"}],"predecessor-version":[{"id":706,"href":"https:\/\/regresenger.com\/index.php?rest_route=\/wp\/v2\/pages\/537\/revisions\/706"}],"wp:attachment":[{"href":"https:\/\/regresenger.com\/index.php?rest_route=%2Fwp%2Fv2%2Fmedia&parent=537"}],"curies":[{"name":"wp","href":"https:\/\/api.w.org\/{rel}","templated":true}]}}