{"id":519,"date":"2018-01-11T10:29:51","date_gmt":"2018-01-11T10:29:51","guid":{"rendered":"http:\/\/regresenger.com\/?page_id=519"},"modified":"2018-01-11T10:29:51","modified_gmt":"2018-01-11T10:29:51","slug":"laguna-dos-reinos-historia-y-habitats","status":"publish","type":"page","link":"https:\/\/regresenger.com\/?page_id=519","title":{"rendered":"Laguna Dos Reinos- Historia y habitats"},"content":{"rendered":"<h3 class=\"title\">UN POCO DE HISTORIA\u2026.<\/h3>\n<div class=\"content\">\n<p>La laguna de Dos Reinos tiene su origen en una peque\u00f1a zona endorreica, recrecida para riego con motivo de las obras del canal de las Bardenas y posteriormente acondicionada con fines recreativos. En 1987 fue cedida por el IRYDA al Gobierno de Navarra.<\/p>\n<p><img loading=\"lazy\" decoding=\"async\" class=\"alignnone size-full wp-image-520\" src=\"https:\/\/regresenger.com\/wp-content\/uploads\/2018\/01\/aves-volando.jpg\" alt=\"\" width=\"560\" height=\"372\" srcset=\"https:\/\/regresenger.com\/wp-content\/uploads\/2018\/01\/aves-volando.jpg 560w, https:\/\/regresenger.com\/wp-content\/uploads\/2018\/01\/aves-volando-300x199.jpg 300w\" sizes=\"auto, (max-width: 560px) 100vw, 560px\" \/><\/p>\n<p>&nbsp;<\/p>\n<p>De las 30 hect\u00e1reas que ocupa el enclave, 21 corresponden a la l\u00e1mina de agua. Orlando las aguas libres se desarrolla un carrizal del Typho-Scirpetum tabernaemontani. Alrededor quedan los restos de un tamarizal hal\u00f3filo (Agrostio-Tamaricetum canariensis) y praderas juncales. La vegetaci\u00f3n del entorno est\u00e1 formada por romerales y coscojales con pino carrasco.<br \/>\nAl quedar pr\u00f3xima a la zona esteparia de las Bardenas y a la de S\u00e1daba-Tauste, acoge en determinados momentos un alto n\u00famero de aves. Espor\u00e1dicamente se ha comprobado la presencia de garcilla bueyera y esp\u00e1tulas, ambas especies muy raras en otras zonas h\u00famedas de Navarra.<\/p>\n<p><img loading=\"lazy\" decoding=\"async\" class=\"alignnone size-full wp-image-521\" src=\"https:\/\/regresenger.com\/wp-content\/uploads\/2018\/01\/refugio.jpg\" alt=\"\" width=\"560\" height=\"375\" srcset=\"https:\/\/regresenger.com\/wp-content\/uploads\/2018\/01\/refugio.jpg 560w, https:\/\/regresenger.com\/wp-content\/uploads\/2018\/01\/refugio-300x201.jpg 300w\" sizes=\"auto, (max-width: 560px) 100vw, 560px\" \/><\/p>\n<h3>HABITATS<\/h3>\n<p id=\"contenido_titulo\">Pastizales salinos mediterr\u00e1neos (Juncetalia maritimi)<\/p>\n<p>Pastizales y juncales perennes de suelos h\u00famedos m\u00e1s o menos salinos de la zona mediterr\u00e1nea.<\/p>\n<p>Descripci\u00f3n incluida en \u201cBartolom\u00e9, C. et al. 2005. Los tipos de H\u00e1bitat de Inter\u00e9s Comunitario de Espa\u00f1a. Ministerio de Medio Ambiente\u201d:<\/p>\n<p><strong>DISTRIBUCI\u00d3N<\/strong><br \/>\nTipo de h\u00e1bitat presente tanto en zonas interiores como en la costa mediterr\u00e1nea.<\/p>\n<p><strong>CARACTER\u00cdSTICAS DEL MEDIO<\/strong><br \/>\nFormaciones herb\u00e1ceas perennes propias de sustratos h\u00famedos y m\u00e1s o menos salinos, tanto del interior peninsular como de marismas, albuferas y deltas costeros.<\/p>\n<p><strong>VEGETACI\u00d3N<\/strong><br \/>\nPraderas de fisonom\u00eda variable, a menudo juncales o formaciones de gram\u00edneas, pero otras veces prados cortos m\u00e1s o menos ralos. Los juncales son formaciones densas, hal\u00f3filas o subhal\u00f3filas, que en el interior crecen en zonas con suelos algo salinos, y en la costa en zonas de mezcla de aguas fluviales y marinas (deltas, marismas, etc.). En todo caso ocupan medios permanentemente h\u00famedos, encharcados una parte del a\u00f1o o con cierta influencia de las mareas altas. Los m\u00e1s higr\u00f3filos y hal\u00f3filos est\u00e1n dominados por Juncus maritimus o J. Subulatus, mientras que en los m\u00e1s secos, subhal\u00f3filos, dominan Juncus gerardi o J. Acutus. Acompa\u00f1an a estos juncos especies m\u00e1s o menos hal\u00f3filas como Aeluropus littoralis, Tetragonolobus maritimus, Sonchus marinoides, etc. En bordes de charcas endorreicas, que se desecan en verano dejando sales en superficie, crecen pastos hal\u00f3filos o subhal\u00f3filos de gramineas del g\u00e9nero Puccinellia. En suelos salinos limosos o arcillosos y compactos, crecen formaciones abiertas de Plantago crassifolia o P. Maritima, frecuentemente con Linum maritimum. En suelos yes\u00edferos o salinos, en lugares de descarga fre\u00e1tica, aparecen juncales negros de Schoenus nigricans, que llevan especies comunes con otras comunidades de este tipo de h\u00e1bitat, como Plantago crassifolia o Linum maritimum.<\/p>\n<p id=\"contenido_titulo\">Matorrales hal\u00f3filos mediterr\u00e1neos y termoatl\u00e1nticos (Sarcocornetea fructicosae)<\/p>\n<p>Formaciones de arbustos y plantas perennes crasas de suelos h\u00famedos salinos de la zona mediterr\u00e1nea.<\/p>\n<p>Descripci\u00f3n incluida en \u201cBartolom\u00e9, C. et al. 2005. Los tipos de H\u00e1bitat de Inter\u00e9s Comunitario de Espa\u00f1a. Ministerio de Medio Ambiente\u201d:<\/p>\n<p><strong>DISTRIBUCI\u00d3N<\/strong><br \/>\nTipo de h\u00e1bitat presente en las costas de la Pen\u00ednsula, islas Baleares y Canarias, y en zonas del interior peninsular.<\/p>\n<p><strong>CARACTER\u00cdSTICAS DEL MEDIO<\/strong><br \/>\nSon formaciones que, en marismas y bah\u00edas, reciben ligeramente la inundaci\u00f3n de la pleamar o quedan fuera de ella, viviendo sobre suelos h\u00famedos o muy h\u00famedos y marcadamente salinos, sin mezcla de agua dulce. En el interior ocupan bordes de lagunas salobres, charcas endorreicas, etc., recibiendo inundaci\u00f3n en invierno, pero con fuerte desecaci\u00f3n estival.<\/p>\n<p><strong>VEGETACI\u00d3N<\/strong><br \/>\nSon formaciones vivaces de porte variable, dominadas por quenopodi\u00e1ceas carnosas (crasas), con cierta variabilidad flor\u00edstica dependiente sobre todo de la condiciones de inundaci\u00f3n. As\u00ed, en situaciones costeras, en la franja m\u00e1s influida por la marea, sobre suelos siempre h\u00famedos, dominan Sarcocornia fruticosa o S.perennis subsp. alpini. En una segunda banda, con suelos que se desecan m\u00e1s intensamente, la comunidad est\u00e1 presidida por Arthrocnemum macrostachyun o por Halimione portulacoides. Por \u00faltimo, en la banda m\u00e1s externa, sobre suelos bastante aireados o incluso removidos artificialmente, se instala una comunidad abierta de Suaeda vera o S.fruticosa, o de Limoniastrum monopetalum acompa\u00f1ado por alguna especie del g\u00e9nero Limonium. En el interior peninsular, en bordes de charcas y lagunazos estacionales de comarcas con sustratos cargados en sales, se instalan comunidades abiertas de S. vera, aunque tambi\u00e9n es posible encontrar puntualmente poblaciones de Arthrocnemum macrostachyum o de Sarcocornia fruticosa. A las quenopod\u00edaceas arbustivas acompa\u00f1an con frecuencia otros hal\u00f3filos como Plantago maritima, Aster tripolium, Inula crithmoides o especies de Limonium. En Canarias existen comunidades parecidas, en las que se integra habitualmente el arbusto Zygophyllum fontanesii.<\/p>\n<p id=\"contenido_titulo\">Matorrales halo-nitr\u00f3filos ib\u00e9ricos (Pegano-Salsoletea)<\/p>\n<p>Formaciones de arbustos como ontina, sisallo y orgaza de suelos nitr\u00f3filos (lugares frecuentados por el ganado, campos abandonados, etc.) y m\u00e1s o menos salinos de la zona mediterr\u00e1nea.Descripci\u00f3n incluida en \u201cBartolom\u00e9, C. et al. 2005. Los tipos de H\u00e1bitat de Inter\u00e9s Comunitario de Espa\u00f1a. Ministerio de Medio Ambiente\u201d:<\/p>\n<p><strong>DISTRIBUCI\u00d3N<\/strong><br \/>\nTipo de h\u00e1bitat que se distribuye por la regi\u00f3n mediterr\u00e1nea peninsular, Baleares y Melilla.<\/p>\n<p><strong>CARACTER\u00cdSTICAS DEL MEDIO<\/strong><br \/>\nSon matorrales esteparios con preferencia por suelos con sales, a veces margas yes\u00edferas, en medios con alguna alteraci\u00f3n antr\u00f3pica o zo\u00f3gena (nitrofilia). Son m\u00e1s frecuentes en las \u00e1reas de clima m\u00e1s seco, en comarcas litorales y prelitorales (sureste ib\u00e9rico) o continentales (valle del Ebro, La Mancha, etc.).<\/p>\n<p><strong>VEGETACI\u00d3N<\/strong><br \/>\nSuelen estar dominados por quenopodi\u00e1ceas arbustivas, siendo a veces ricos en elementos esteparios de gran inter\u00e9s biogeogr\u00e1fico. En medios con humedad ed\u00e1fica crecen formaciones de Atriplex halimus o A.glauca, tanto en las comarcas c\u00e1lidas mediterr\u00e1neas como en los saladares del interior. En margas y sustratos m\u00e1s o menos yesosos o salinos, pero sobre suelos secos, encontramos matorrales nitr\u00f3filos de Salsola vermiculata o Artemisia herba-alba, a las que pueden acompa\u00f1ar Peganum harmala, Frankenia thymifolia, etc. En el sureste ib\u00e9rico, el matorral halonitr\u00f3filo de suelos h\u00famedos lleva el endemismo Suaeda pruinosa, mezclado a menudo con Suaeda vera (ver tipo del h\u00e1bitat 1420) mientras que sobre suelos secos y afectados por la mares\u00eda se desarrollan matorrales de Lycium intricatum y Withania frutescens. Entre los elementos est\u00e9picos m\u00e1s interesantes que pueden aparecer en este tipo de h\u00e1bitat destacan las especies relictas de distribuci\u00f3n mediterr\u00e1nea y asi\u00e1tica Camphorosma monspeliaca y Krascheninnikovia ceratoides.<\/p>\n<p id=\"contenido_titulo\">Zonas subest\u00e9picas de gram\u00edneas y anuales del Thero-Brachypodietea<\/p>\n<p>Pastizales anuales y perennes secos de la zona mediterr\u00e1nea.<\/p>\n<p>Descripci\u00f3n incluida en \u201cBartolom\u00e9, C. et al. 2005. Los tipos de H\u00e1bitat de Inter\u00e9s Comunitario de Espa\u00f1a. Ministerio de Medio Ambiente\u201d:<\/p>\n<p><strong>DISTRIBUCI\u00d3N<\/strong><br \/>\nTipo de h\u00e1bitat distribuido por las comarcas con clima mediterr\u00e1neo de toda la Pen\u00ednsula Ib\u00e9rica e islas Baleares, tambi\u00e9n presente en zonas c\u00e1lidas de las regiones atl\u00e1ntica y alpina.<\/p>\n<p><strong>CARACTER\u00cdSTICAS DEL MEDIO<\/strong><br \/>\nEstas comunidades est\u00e1n muy repartidas por todo el territorio, presentando por ello una gran diversidad. Siempre en ambientes bien iluminados, suelen ocupar los claros de matorrales y de pastos vivaces discontinuos, o aparecer en repisas rocosas, donde forman el fondo de los pastos de plantas crasas de los tipos de h\u00e1bitat 6110 u 8230. Asimismo, prospera en el estrato herb\u00e1ceo de dehesas (6310) o de enclaves no arbolados de caracter\u00edsticas semejantes (majadales).<\/p>\n<p><strong>VEGETACI\u00d3N<\/strong><br \/>\nSe trata de comunidades de cobertura variable, compuestas por peque\u00f1as plantas vivaces o anuales, a veces de desarrollo primaveral ef\u00edmero. A pesar de su aspecto homog\u00e9neo, presentan gran riqueza y variabilidad flor\u00edsticas, con abundancia de endemismos del Mediterr\u00e1neo occidental. Entre los g\u00e9neros m\u00e1s representativos est\u00e1n Arenaria, Chaenorrhinum, Campanula, Asterolinum, Linaria, Silene, Euphorbia, Minuartia, Rumex, Odontites, Plantago, Bupleurum, Brachypodium, Bromus, Stipa, etc. En las \u00e1reas del occidente peninsular adquieren mayor importancia especies de Poa, Aira, Vulpia, Anthoxantum, Trifolium, Tuberaria, Coronilla, Ornithopus, Scorpiurus, etc. En los territorios semi\u00e1ridos del sureste suele dominar Stipa capensis, y la riqueza de plantas end\u00e9micas aumenta, con especies de Limonium, Filago, Linaria, etc. En los suelos yes\u00edferos del centro y del este destacan especies gips\u00edcolas como Campanula fastigiata, Ctenopsis gypsophila, Clypeola eriocarpa, etc.<\/p>\n<\/div>\n","protected":false},"excerpt":{"rendered":"<p>UN POCO DE HISTORIA\u2026. La laguna de Dos Reinos tiene su origen en una peque\u00f1a zona endorreica, recrecida para riego con motivo de las obras del canal de las Bardenas y posteriormente acondicionada con fines recreativos. En 1987 fue cedida<\/p>\n","protected":false},"author":1,"featured_media":0,"parent":0,"menu_order":0,"comment_status":"closed","ping_status":"closed","template":"","meta":{"footnotes":""},"class_list":["post-519","page","type-page","status-publish","hentry"],"_links":{"self":[{"href":"https:\/\/regresenger.com\/index.php?rest_route=\/wp\/v2\/pages\/519","targetHints":{"allow":["GET"]}}],"collection":[{"href":"https:\/\/regresenger.com\/index.php?rest_route=\/wp\/v2\/pages"}],"about":[{"href":"https:\/\/regresenger.com\/index.php?rest_route=\/wp\/v2\/types\/page"}],"author":[{"embeddable":true,"href":"https:\/\/regresenger.com\/index.php?rest_route=\/wp\/v2\/users\/1"}],"replies":[{"embeddable":true,"href":"https:\/\/regresenger.com\/index.php?rest_route=%2Fwp%2Fv2%2Fcomments&post=519"}],"version-history":[{"count":1,"href":"https:\/\/regresenger.com\/index.php?rest_route=\/wp\/v2\/pages\/519\/revisions"}],"predecessor-version":[{"id":522,"href":"https:\/\/regresenger.com\/index.php?rest_route=\/wp\/v2\/pages\/519\/revisions\/522"}],"wp:attachment":[{"href":"https:\/\/regresenger.com\/index.php?rest_route=%2Fwp%2Fv2%2Fmedia&parent=519"}],"curies":[{"name":"wp","href":"https:\/\/api.w.org\/{rel}","templated":true}]}}