{"id":388,"date":"2017-11-29T19:38:40","date_gmt":"2017-11-29T19:38:40","guid":{"rendered":"http:\/\/regresenger.com\/?page_id=388"},"modified":"2018-01-10T21:08:13","modified_gmt":"2018-01-10T21:08:13","slug":"robinson-crusoe","status":"publish","type":"page","link":"https:\/\/regresenger.com\/?page_id=388","title":{"rendered":"Robinson Crusoe"},"content":{"rendered":"<p>\u201cTodos llevamos un Robinson Crusoe dentro de nosotros, vivimos aventuras y desventuras como las que vivi\u00f3 Alexander Selkirk en solitario\u201d.<br \/>\n<img loading=\"lazy\" decoding=\"async\" class=\"size-full wp-image-487 alignleft\" src=\"https:\/\/regresenger.com\/wp-content\/uploads\/2018\/01\/librorobinsoncrusoe.png\" alt=\"\" width=\"250\" height=\"368\" srcset=\"https:\/\/regresenger.com\/wp-content\/uploads\/2018\/01\/librorobinsoncrusoe.png 250w, https:\/\/regresenger.com\/wp-content\/uploads\/2018\/01\/librorobinsoncrusoe-204x300.png 204w\" sizes=\"auto, (max-width: 250px) 100vw, 250px\" \/>Internet es como una isla, cuando est\u00e1s enfrente del ordenador, y navegas por la red, te a\u00edslas de todo lo que te rodea y, a veces, te olvidas de los quehaceres diarios, las alegr\u00edas y las penas, hasta de los suspensos. Entre todas las aventuras maravillosas que ofrece Internet, destacan la mucha informaci\u00f3n para hacer los trabajos (el \u201ccopiar y pegar \u201d es fant\u00e1stico), la m\u00fasica que podemos encontrar para escuchar, el chatear, el utilizar el Messenger.<\/p>\n<p>Pero tambi\u00e9n hay aventuras angustiosas, en las que tienes que salvar tus fotos, trabajos, etc., porque se te ha infectado el ordenador con virus, troyanos, esp\u00edas y dem\u00e1s indeseables. Navegas desesperadamente buscando informaci\u00f3n de c\u00f3mo acabar con ellos y, al final, te rindes. La desventura acaba llevando el ordenador a la tienda de inform\u00e1tica para que te lo arreglen.<br \/>\nPero aqu\u00ed est\u00e1 nuestro valiente Robinson Crusoe, con la \u201cOPERACION REGRESENGER\u201d, para acabar con ellos.<br \/>\nEs un cuento original y moderno (eso dicen los que lo han le\u00eddo) que pueden leerlo desde ni\u00f1os, de 10 a\u00f1os, hasta adultos.<\/p>\n<p>Portada del cuento.<\/p>\n<h3>LOS PROTAGONISTAS DEL CUENTO.<\/h3>\n<p><img loading=\"lazy\" decoding=\"async\" class=\"alignnone size-full wp-image-488\" src=\"https:\/\/regresenger.com\/wp-content\/uploads\/2018\/01\/personajes.png\" alt=\"\" width=\"580\" height=\"920\" srcset=\"https:\/\/regresenger.com\/wp-content\/uploads\/2018\/01\/personajes.png 580w, https:\/\/regresenger.com\/wp-content\/uploads\/2018\/01\/personajes-189x300.png 189w\" sizes=\"auto, (max-width: 580px) 100vw, 580px\" \/><\/p>\n<h3>DESCARGATELO GRATIS<\/h3>\n<p>Desc\u00e1rgate gratis el cuento en castellano a la izquierda y en euskera a la derecha en formato ePUB para tu ipad o libro el\u00e9tronico, hacer click sobre la imagen que quereis descargar. Que lo disfrut\u00e9is.<\/p>\n<p><a href=\"https:\/\/regresenger.com\/datos_robinson_crusoe\/robinsoncrusoe-regresenger-castellano.epub\" target=\"_blank\" rel=\"noopener\"><img loading=\"lazy\" decoding=\"async\" class=\"alignnone wp-image-490 size-full\" src=\"https:\/\/regresenger.com\/wp-content\/uploads\/2018\/01\/ipadcastellano.png\" alt=\"\" width=\"200\" height=\"248\" \/><\/a>\u00a0 \u00a0 \u00a0 \u00a0 \u00a0 \u00a0 \u00a0 \u00a0 \u00a0 \u00a0 \u00a0\u00a0\u00a0\u00a0<a href=\"https:\/\/regresenger.com\/datos_robinson_crusoe\/robinsoncrusoe-regresenger-euskera.epub\" target=\"_blank\" rel=\"noopener\"><img loading=\"lazy\" decoding=\"async\" class=\"alignnone size-full wp-image-491\" src=\"https:\/\/regresenger.com\/wp-content\/uploads\/2018\/01\/ipadeuskera.png\" alt=\"\" width=\"200\" height=\"248\" \/><\/a><\/p>\n<p>Desc\u00e1rgate gratis el cuento en castellano a la izquierda y en euskera a la derecha en formato MOBI para tu\u00a0 libro el\u00e9tronico KINLE.<\/p>\n<p><a href=\"https:\/\/regresenger.com\/datos_robinson_crusoe\/robinsoncrusoe.mobi\" target=\"_blank\" rel=\"noopener\"><img loading=\"lazy\" decoding=\"async\" class=\"alignnone size-full wp-image-492\" src=\"https:\/\/regresenger.com\/wp-content\/uploads\/2018\/01\/kindlecastellano.png\" alt=\"\" width=\"200\" height=\"248\" \/><\/a>\u00a0 \u00a0 \u00a0 \u00a0 \u00a0 \u00a0 \u00a0 \u00a0 \u00a0 \u00a0 \u00a0 \u00a0<img loading=\"lazy\" decoding=\"async\" class=\"alignnone size-full wp-image-493\" src=\"https:\/\/regresenger.com\/wp-content\/uploads\/2018\/01\/kindleeuskera.png\" alt=\"\" width=\"200\" height=\"248\" \/><\/p>\n<p>Descargate el cuento gratis\u00a0 en formato .PDF ,pendiente de corregir el cuento en euskera.<br \/>\n<a href=\"https:\/\/regresenger.com\/datos_robinson_crusoe\/robinsoncrusoeeuskera.pdf\" target=\"_blank\" rel=\"noopener\"><img loading=\"lazy\" decoding=\"async\" class=\"alignnone size-full wp-image-494\" src=\"https:\/\/regresenger.com\/wp-content\/uploads\/2018\/01\/PDF-descarga-espa\u00f1ol.png\" alt=\"\" width=\"245\" height=\"216\" \/>\u00a0 \u00a0 \u00a0 \u00a0 \u00a0 \u00a0 \u00a0<img loading=\"lazy\" decoding=\"async\" class=\"alignnone size-full wp-image-495\" src=\"https:\/\/regresenger.com\/wp-content\/uploads\/2018\/01\/PDF-descarga-euskera.png\" alt=\"\" width=\"245\" height=\"216\" \/><\/a><\/p>\n<h3>LIBROS SOBRE ROBINSON CRUSOE<\/h3>\n<p>En esta p\u00e1gina ir\u00e9 poniendo toodos los libros relacionados con Robinson Crusoe. Si deseas tener el cuento en papel, lo autopublique en LULU, pinchar sobre la imagenes para comprarlo.<\/p>\n<p>LAS NUEVAS AVENTURAS DE ROBINSON CRUSOE-REGRESENGER.<\/p>\n<p><a href=\"http:\/\/www.lulu.com\/shop\/rastafari-rasta\/robinson-crusoe-regresenger\/paperback\/product-14930534.html\" target=\"_blank\" rel=\"noopener\"><img loading=\"lazy\" decoding=\"async\" class=\"size-full wp-image-500 aligncenter\" src=\"https:\/\/regresenger.com\/wp-content\/uploads\/2018\/01\/librorobinsoncrusoe190.png\" alt=\"\" width=\"190\" height=\"280\" \/><\/a><\/p>\n<p>ROBINSON CRUSOE de la editorial Vicens Vives.<\/p>\n<p>Compr\u00e9 este libro original de Robinson Crusoe para hacer un trabajo sobre el mismo, asi naci\u00f3 \u00ablas nuevas aventuras de Robinson Crusoe-Regresenger\u00bb<\/p>\n<p><img loading=\"lazy\" decoding=\"async\" class=\"size-full wp-image-501 aligncenter\" src=\"https:\/\/regresenger.com\/wp-content\/uploads\/2018\/01\/librorobinsoncrusoeoriginal190.png\" alt=\"\" width=\"190\" height=\"280\" \/><br \/>\nDesde este enlace puedes leer el libro original,est\u00e1 en formato .ePUB<\/p>\n<p><a href=\"http:\/\/epubgratis.me\/node\/28907\" target=\"_blank\" rel=\"noopener\">http:\/\/epubgratis.me\/node\/28907<\/a><\/p>\n<p style=\"text-align: center;\"><img loading=\"lazy\" decoding=\"async\" class=\"alignnone wp-image-502 size-thumbnail\" src=\"https:\/\/regresenger.com\/wp-content\/uploads\/2018\/01\/cuentooriginal-150x150.jpg\" alt=\"\" width=\"150\" height=\"150\" srcset=\"https:\/\/regresenger.com\/wp-content\/uploads\/2018\/01\/cuentooriginal-150x150.jpg 150w, https:\/\/regresenger.com\/wp-content\/uploads\/2018\/01\/cuentooriginal-300x300.jpg 300w, https:\/\/regresenger.com\/wp-content\/uploads\/2018\/01\/cuentooriginal-100x100.jpg 100w, https:\/\/regresenger.com\/wp-content\/uploads\/2018\/01\/cuentooriginal-270x270.jpg 270w, https:\/\/regresenger.com\/wp-content\/uploads\/2018\/01\/cuentooriginal-230x230.jpg 230w\" sizes=\"auto, (max-width: 150px) 100vw, 150px\" \/><\/p>\n<h3>PEL\u00cdCULAS SOBRE ROBINSON CRUSOE<\/h3>\n<p>Pel\u00ecculas relacionadas con Robinson Crusoe, en este caso una pel\u00edcula animada basada en el aut\u00e9ntico Robinson Crusoe, que no es otro que Alexander Selkirk. Estrenada en Francia en enero 2013.<\/p>\n<p style=\"text-align: center;\"><img loading=\"lazy\" decoding=\"async\" class=\"aligncenter wp-image-503 size-medium\" src=\"https:\/\/regresenger.com\/wp-content\/uploads\/2018\/01\/3400d-212x300.jpg\" alt=\"\" width=\"212\" height=\"300\" srcset=\"https:\/\/regresenger.com\/wp-content\/uploads\/2018\/01\/3400d-212x300.jpg 212w, https:\/\/regresenger.com\/wp-content\/uploads\/2018\/01\/3400d.jpg 506w\" sizes=\"auto, (max-width: 212px) 100vw, 212px\" \/><\/p>\n<p>LARGOMETRAJE<br \/>\nDirector: Walter Tournier<br \/>\nCoproducci\u00f3n: Tournier Animaci\u00f3n &#8211; La Suma (Uruguay) \/\u00a0 Ma\u00edz Producciones\u00a0 (Argentina) \/ Cineanimadores (Chile)<\/p>\n<p>Selkirk pirata rebelde y ego\u00edsta, es el piloto del Esperanza, gale\u00f3n ingl\u00e9s que surca los mares del sur en busca de tesoros. A falta de buques enemigos, los corsarios se entretienen apostando y en poco tiempo Selkirk ha desplumado sus ahorros presentes y futuros, gan\u00e1ndose le enemistad de la tripulaci\u00f3n y sobretodo del capit\u00e1n Bullock, quien decide abandonarlo en una isla desierta. All\u00ed debe sepultar sus deseos de venganza y desmedida ambici\u00f3n y encarar una nueva manera de ver el mundo.<\/p>\n<p><iframe loading=\"lazy\" width=\"750\" height=\"422\" src=\"https:\/\/www.youtube.com\/embed\/hORLhKA9BJo?feature=oembed\" frameborder=\"0\" allow=\"autoplay; encrypted-media\" allowfullscreen><\/iframe><\/p>\n<p><strong>PEl\u00cdCULA DEL A\u00d1O 1996 SOBRE ROBINSON CRUSOE INTERPRETADA POR PIERCE BROSNAN.<\/strong><\/p>\n<p><img loading=\"lazy\" decoding=\"async\" class=\"aligncenter wp-image-504 size-medium\" src=\"https:\/\/regresenger.com\/wp-content\/uploads\/2018\/01\/robinson-piercebrosnan-212x300.jpg\" alt=\"\" width=\"212\" height=\"300\" srcset=\"https:\/\/regresenger.com\/wp-content\/uploads\/2018\/01\/robinson-piercebrosnan-212x300.jpg 212w, https:\/\/regresenger.com\/wp-content\/uploads\/2018\/01\/robinson-piercebrosnan.jpg 558w\" sizes=\"auto, (max-width: 212px) 100vw, 212px\" \/><\/p>\n<p><b>TITULO ORIGINAL:<\/b> <b>Robinson<\/b> <b>Crusoe<\/b><br \/>\n<b>ORIGEN:<\/b> USA \/ Grecja<br \/>\n<b>\u00a0A\u00d1O:<\/b> <b>1996<\/b><br \/>\n<b>GENERO:<\/b> Drama<br \/>\n<b>\u00a0SCREENPLAY:<\/b> Christopher Lofton, Tracy Keenan Wynn, Christopher Canaan<br \/>\n<b>\u00a0DIRECCION:<\/b> Rod Hardy, George Miller<br \/>\n<b>MUSICA:<\/b> Jennie Muskett<br \/>\n<b>CAST:<\/b> Pierce Brosnan &#8211; <b>Robinson<\/b> <b>Crusoe<\/b>, Lysette Anthony &#8211; Pani <b>Crusoe<\/b>, James Frain &#8211; Robert, Martin Grace &#8211; Kapitan Braga, Ian Hart &#8211; Daniel Dafoe<br \/>\n<b>TIME:<\/b> 105 min.<\/p>\n<p>IMAGEN<\/p>\n<p style=\"text-align: center;\"><iframe loading=\"lazy\" width=\"750\" height=\"563\" src=\"https:\/\/www.youtube.com\/embed\/Mu1Uk6hlKEY?feature=oembed\" frameborder=\"0\" allow=\"autoplay; encrypted-media\" allowfullscreen><\/iframe><\/p>\n<p style=\"text-align: center;\"><strong>PEL\u00cdCULA DEL A\u00d1O 1954\u00a0 SOBRE ROBINSON CRUSOE, DIRIGIDA POR LUIS BU\u00d1UEL<\/strong><\/p>\n<p><img loading=\"lazy\" decoding=\"async\" class=\"size-full wp-image-505 aligncenter\" src=\"https:\/\/regresenger.com\/wp-content\/uploads\/2018\/01\/luisbunuel.jpg\" alt=\"\" width=\"214\" height=\"317\" srcset=\"https:\/\/regresenger.com\/wp-content\/uploads\/2018\/01\/luisbunuel.jpg 214w, https:\/\/regresenger.com\/wp-content\/uploads\/2018\/01\/luisbunuel-203x300.jpg 203w\" sizes=\"auto, (max-width: 214px) 100vw, 214px\" \/><\/p>\n<p style=\"text-align: center;\"><b>TITULO ORIGINAL:<\/b> <b>Robinson<\/b> <b>Crusoe<\/b><br \/>\n<b>ORIGEN:<\/b> Mexico<br \/>\n<b>\u00a0A\u00d1O:<\/b> <b>1954<\/b><br \/>\n<b>GENERO:<\/b> Drama<br \/>\n<b>\u00a0SCREENPLAY:<\/b> Hugo Butler<br \/>\n<b>\u00a0DIRECCION:<\/b> Luis Bu\u00f1uel<br \/>\n<b>CAST:<\/b> <a href=\"http:\/\/www.imdb.com\/name\/nm0641397\/?ref_=tt_ov_st\">Dan O&#8217;Herlihy<\/a>, <a href=\"http:\/\/www.imdb.com\/name\/nm0273546\/?ref_=tt_ov_st\">Jaime Fern\u00e1ndez<\/a>, <a href=\"http:\/\/www.imdb.com\/name\/nm0016166\/?ref_=tt_ov_st\">Felipe de Alba<\/a>.<br \/>\n<b>TIME:<\/b> 90 minutos.<\/p>\n<h3>ROBINSON CRUSOE EN PLASTILINA<\/h3>\n<p>En el cuento original las im\u00e1genes, los personajes eran de plastilina,los fondos de cartulina, se utilizaron placas base de ordenadores ,tubos de fontaneria, toallas etc.. m\u00e1s tarde las sustituimos por las im\u00e1genes actuales.Aqui abajo algunas im\u00e1genes que est\u00e1n en el cuento.<\/p>\n<p><img loading=\"lazy\" decoding=\"async\" class=\"alignnone size-full wp-image-509\" src=\"https:\/\/regresenger.com\/wp-content\/uploads\/2018\/01\/COMPARACION-FOTOS.png\" alt=\"\" width=\"700\" height=\"1324\" srcset=\"https:\/\/regresenger.com\/wp-content\/uploads\/2018\/01\/COMPARACION-FOTOS.png 700w, https:\/\/regresenger.com\/wp-content\/uploads\/2018\/01\/COMPARACION-FOTOS-600x1135.png 600w, https:\/\/regresenger.com\/wp-content\/uploads\/2018\/01\/COMPARACION-FOTOS-159x300.png 159w, https:\/\/regresenger.com\/wp-content\/uploads\/2018\/01\/COMPARACION-FOTOS-541x1024.png 541w\" sizes=\"auto, (max-width: 700px) 100vw, 700px\" \/><\/p>\n<p>&nbsp;<\/p>\n","protected":false},"excerpt":{"rendered":"<p>\u201cTodos llevamos un Robinson Crusoe dentro de nosotros, vivimos aventuras y desventuras como las que vivi\u00f3 Alexander Selkirk en solitario\u201d. Internet es como una isla, cuando est\u00e1s enfrente del ordenador, y navegas por la red, te a\u00edslas de todo lo<\/p>\n","protected":false},"author":1,"featured_media":375,"parent":0,"menu_order":0,"comment_status":"closed","ping_status":"closed","template":"","meta":{"footnotes":""},"class_list":["post-388","page","type-page","status-publish","has-post-thumbnail","hentry"],"_links":{"self":[{"href":"https:\/\/regresenger.com\/index.php?rest_route=\/wp\/v2\/pages\/388","targetHints":{"allow":["GET"]}}],"collection":[{"href":"https:\/\/regresenger.com\/index.php?rest_route=\/wp\/v2\/pages"}],"about":[{"href":"https:\/\/regresenger.com\/index.php?rest_route=\/wp\/v2\/types\/page"}],"author":[{"embeddable":true,"href":"https:\/\/regresenger.com\/index.php?rest_route=\/wp\/v2\/users\/1"}],"replies":[{"embeddable":true,"href":"https:\/\/regresenger.com\/index.php?rest_route=%2Fwp%2Fv2%2Fcomments&post=388"}],"version-history":[{"count":11,"href":"https:\/\/regresenger.com\/index.php?rest_route=\/wp\/v2\/pages\/388\/revisions"}],"predecessor-version":[{"id":510,"href":"https:\/\/regresenger.com\/index.php?rest_route=\/wp\/v2\/pages\/388\/revisions\/510"}],"wp:featuredmedia":[{"embeddable":true,"href":"https:\/\/regresenger.com\/index.php?rest_route=\/wp\/v2\/media\/375"}],"wp:attachment":[{"href":"https:\/\/regresenger.com\/index.php?rest_route=%2Fwp%2Fv2%2Fmedia&parent=388"}],"curies":[{"name":"wp","href":"https:\/\/api.w.org\/{rel}","templated":true}]}}