{"id":1056,"date":"2023-03-26T13:52:14","date_gmt":"2023-03-26T13:52:14","guid":{"rendered":"http:\/\/regresenger.com\/?page_id=1056"},"modified":"2023-03-28T19:54:03","modified_gmt":"2023-03-28T19:54:03","slug":"restauracion-motos-antiguas","status":"publish","type":"page","link":"https:\/\/regresenger.com\/?page_id=1056","title":{"rendered":"Restauraci\u00f3n y reparaci\u00f3n de 5 motos antiguas"},"content":{"rendered":"\n<p><strong>VESPINOS GL<\/strong><\/p>\n\n\n\n<p>Estas tres vespinos GL tienen mas de 40 a\u00f1os, estaban llenas de polvo en almacenes esperando a que alguien las echara un ojo y las restauraran o simplemente acabarian en la chatarra. Tras ver muchos videos de youtube  me puse manos a la obra y consegu\u00ed darles una nueva vida. La pena es que son tan viejas que ni siquiera tienen papeles  ni estaban  matr\u00edculadas y darles de alta para circular por la carretera es muy engorroso y hay que gastarse un dineral.  De momento estan sanas y guardadas.<\/p>\n\n\n\n<figure class=\"wp-block-image size-large\"><img loading=\"lazy\" decoding=\"async\" width=\"1024\" height=\"835\" src=\"https:\/\/regresenger.com\/wp-content\/uploads\/2023\/03\/1679838934672-1024x835.jpg\" alt=\"\" class=\"wp-image-1061\" srcset=\"https:\/\/regresenger.com\/wp-content\/uploads\/2023\/03\/1679838934672-1024x835.jpg 1024w, https:\/\/regresenger.com\/wp-content\/uploads\/2023\/03\/1679838934672-300x245.jpg 300w, https:\/\/regresenger.com\/wp-content\/uploads\/2023\/03\/1679838934672-768x626.jpg 768w, https:\/\/regresenger.com\/wp-content\/uploads\/2023\/03\/1679838934672-1536x1252.jpg 1536w, https:\/\/regresenger.com\/wp-content\/uploads\/2023\/03\/1679838934672-2048x1669.jpg 2048w, https:\/\/regresenger.com\/wp-content\/uploads\/2023\/03\/1679838934672-600x489.jpg 600w\" sizes=\"auto, (max-width: 1024px) 100vw, 1024px\" \/><\/figure>\n\n\n\n<figure class=\"wp-block-image size-large\"><img loading=\"lazy\" decoding=\"async\" width=\"1024\" height=\"768\" src=\"https:\/\/regresenger.com\/wp-content\/uploads\/2023\/03\/1679838935289-1024x768.jpg\" alt=\"\" class=\"wp-image-1062\" srcset=\"https:\/\/regresenger.com\/wp-content\/uploads\/2023\/03\/1679838935289-1024x768.jpg 1024w, https:\/\/regresenger.com\/wp-content\/uploads\/2023\/03\/1679838935289-300x225.jpg 300w, https:\/\/regresenger.com\/wp-content\/uploads\/2023\/03\/1679838935289-768x576.jpg 768w, https:\/\/regresenger.com\/wp-content\/uploads\/2023\/03\/1679838935289-1536x1152.jpg 1536w, https:\/\/regresenger.com\/wp-content\/uploads\/2023\/03\/1679838935289-600x450.jpg 600w, https:\/\/regresenger.com\/wp-content\/uploads\/2023\/03\/1679838935289.jpg 2048w\" sizes=\"auto, (max-width: 1024px) 100vw, 1024px\" \/><\/figure>\n\n\n\n<figure class=\"wp-block-image size-large\"><img loading=\"lazy\" decoding=\"async\" width=\"1024\" height=\"768\" src=\"https:\/\/regresenger.com\/wp-content\/uploads\/2023\/03\/1679838935354-1024x768.jpg\" alt=\"\" class=\"wp-image-1063\" srcset=\"https:\/\/regresenger.com\/wp-content\/uploads\/2023\/03\/1679838935354-1024x768.jpg 1024w, https:\/\/regresenger.com\/wp-content\/uploads\/2023\/03\/1679838935354-300x225.jpg 300w, https:\/\/regresenger.com\/wp-content\/uploads\/2023\/03\/1679838935354-768x576.jpg 768w, https:\/\/regresenger.com\/wp-content\/uploads\/2023\/03\/1679838935354-1536x1152.jpg 1536w, https:\/\/regresenger.com\/wp-content\/uploads\/2023\/03\/1679838935354-600x450.jpg 600w, https:\/\/regresenger.com\/wp-content\/uploads\/2023\/03\/1679838935354.jpg 2048w\" sizes=\"auto, (max-width: 1024px) 100vw, 1024px\" \/><\/figure>\n\n\n\n<figure class=\"wp-block-image size-large\"><img loading=\"lazy\" decoding=\"async\" width=\"1024\" height=\"768\" src=\"https:\/\/regresenger.com\/wp-content\/uploads\/2023\/03\/1679838935388-1024x768.jpg\" alt=\"\" class=\"wp-image-1064\" srcset=\"https:\/\/regresenger.com\/wp-content\/uploads\/2023\/03\/1679838935388-1024x768.jpg 1024w, https:\/\/regresenger.com\/wp-content\/uploads\/2023\/03\/1679838935388-300x225.jpg 300w, https:\/\/regresenger.com\/wp-content\/uploads\/2023\/03\/1679838935388-768x576.jpg 768w, https:\/\/regresenger.com\/wp-content\/uploads\/2023\/03\/1679838935388-1536x1152.jpg 1536w, https:\/\/regresenger.com\/wp-content\/uploads\/2023\/03\/1679838935388-600x450.jpg 600w, https:\/\/regresenger.com\/wp-content\/uploads\/2023\/03\/1679838935388.jpg 2048w\" sizes=\"auto, (max-width: 1024px) 100vw, 1024px\" \/><\/figure>\n\n\n\n<figure class=\"wp-block-image size-large\"><img loading=\"lazy\" decoding=\"async\" width=\"1024\" height=\"768\" src=\"https:\/\/regresenger.com\/wp-content\/uploads\/2023\/03\/1679838935447-1024x768.jpg\" alt=\"\" class=\"wp-image-1065\" srcset=\"https:\/\/regresenger.com\/wp-content\/uploads\/2023\/03\/1679838935447-1024x768.jpg 1024w, https:\/\/regresenger.com\/wp-content\/uploads\/2023\/03\/1679838935447-300x225.jpg 300w, https:\/\/regresenger.com\/wp-content\/uploads\/2023\/03\/1679838935447-768x576.jpg 768w, https:\/\/regresenger.com\/wp-content\/uploads\/2023\/03\/1679838935447-1536x1152.jpg 1536w, https:\/\/regresenger.com\/wp-content\/uploads\/2023\/03\/1679838935447-600x450.jpg 600w, https:\/\/regresenger.com\/wp-content\/uploads\/2023\/03\/1679838935447.jpg 2048w\" sizes=\"auto, (max-width: 1024px) 100vw, 1024px\" \/><\/figure>\n\n\n\n<p>Asi quedaron las dos motos de arriba, una pintada de blanco y la otra de rojo.<\/p>\n\n\n\n<figure class=\"wp-block-image size-large\"><img loading=\"lazy\" decoding=\"async\" width=\"1024\" height=\"748\" src=\"https:\/\/regresenger.com\/wp-content\/uploads\/2023\/03\/blanca-1024x748.jpg\" alt=\"\" class=\"wp-image-1083\" srcset=\"https:\/\/regresenger.com\/wp-content\/uploads\/2023\/03\/blanca-1024x748.jpg 1024w, https:\/\/regresenger.com\/wp-content\/uploads\/2023\/03\/blanca-300x219.jpg 300w, https:\/\/regresenger.com\/wp-content\/uploads\/2023\/03\/blanca-768x561.jpg 768w, https:\/\/regresenger.com\/wp-content\/uploads\/2023\/03\/blanca-1536x1121.jpg 1536w, https:\/\/regresenger.com\/wp-content\/uploads\/2023\/03\/blanca-2048x1495.jpg 2048w, https:\/\/regresenger.com\/wp-content\/uploads\/2023\/03\/blanca-600x438.jpg 600w\" sizes=\"auto, (max-width: 1024px) 100vw, 1024px\" \/><\/figure>\n\n\n\n<figure class=\"wp-block-image size-large\"><img loading=\"lazy\" decoding=\"async\" width=\"942\" height=\"1024\" src=\"https:\/\/regresenger.com\/wp-content\/uploads\/2023\/03\/1679838934729-942x1024.jpg\" alt=\"\" class=\"wp-image-1066\" srcset=\"https:\/\/regresenger.com\/wp-content\/uploads\/2023\/03\/1679838934729-942x1024.jpg 942w, https:\/\/regresenger.com\/wp-content\/uploads\/2023\/03\/1679838934729-276x300.jpg 276w, https:\/\/regresenger.com\/wp-content\/uploads\/2023\/03\/1679838934729-768x835.jpg 768w, https:\/\/regresenger.com\/wp-content\/uploads\/2023\/03\/1679838934729-1413x1536.jpg 1413w, https:\/\/regresenger.com\/wp-content\/uploads\/2023\/03\/1679838934729-1884x2048.jpg 1884w, https:\/\/regresenger.com\/wp-content\/uploads\/2023\/03\/1679838934729-600x652.jpg 600w\" sizes=\"auto, (max-width: 942px) 100vw, 942px\" \/><\/figure>\n\n\n\n<p>Esta es la primera vespino que me regalaron, aprend\u00ed lo que significaban los segmentos, cilindro, starter, culata, carburador, cigue\u00f1al,zapata embrague , nunca habia cambiado la c\u00e1mara de una rueda y con videotutoriales consegu\u00ed ponerla en marcha etc&#8230;<\/p>\n\n\n\n<figure class=\"wp-block-image size-large\"><img loading=\"lazy\" decoding=\"async\" width=\"1024\" height=\"931\" src=\"https:\/\/regresenger.com\/wp-content\/uploads\/2023\/03\/1679838935669-1024x931.jpg\" alt=\"\" class=\"wp-image-1067\" srcset=\"https:\/\/regresenger.com\/wp-content\/uploads\/2023\/03\/1679838935669-1024x931.jpg 1024w, https:\/\/regresenger.com\/wp-content\/uploads\/2023\/03\/1679838935669-300x273.jpg 300w, https:\/\/regresenger.com\/wp-content\/uploads\/2023\/03\/1679838935669-768x698.jpg 768w, https:\/\/regresenger.com\/wp-content\/uploads\/2023\/03\/1679838935669-1536x1397.jpg 1536w, https:\/\/regresenger.com\/wp-content\/uploads\/2023\/03\/1679838935669-2048x1862.jpg 2048w, https:\/\/regresenger.com\/wp-content\/uploads\/2023\/03\/1679838935669-600x546.jpg 600w\" sizes=\"auto, (max-width: 1024px) 100vw, 1024px\" \/><\/figure>\n\n\n\n<p>Asi quedo terminada y empezaron a regalarme motos como las de arriba&#8230;.<\/p>\n\n\n\n<figure class=\"wp-block-image size-large\"><img loading=\"lazy\" decoding=\"async\" width=\"1024\" height=\"576\" src=\"https:\/\/regresenger.com\/wp-content\/uploads\/2023\/03\/1679838935520-1024x576.jpg\" alt=\"\" class=\"wp-image-1068\" srcset=\"https:\/\/regresenger.com\/wp-content\/uploads\/2023\/03\/1679838935520-1024x576.jpg 1024w, https:\/\/regresenger.com\/wp-content\/uploads\/2023\/03\/1679838935520-300x169.jpg 300w, https:\/\/regresenger.com\/wp-content\/uploads\/2023\/03\/1679838935520-768x432.jpg 768w, https:\/\/regresenger.com\/wp-content\/uploads\/2023\/03\/1679838935520-1536x864.jpg 1536w, https:\/\/regresenger.com\/wp-content\/uploads\/2023\/03\/1679838935520-2048x1152.jpg 2048w, https:\/\/regresenger.com\/wp-content\/uploads\/2023\/03\/1679838935520-600x338.jpg 600w\" sizes=\"auto, (max-width: 1024px) 100vw, 1024px\" \/><\/figure>\n\n\n\n<p><strong>VESPINO SC<\/strong><\/p>\n\n\n\n<p>Esta vespino m\u00e1s moderna tiene unos 35 a\u00f1os, ten\u00eda el carburador roto y la llave deposito en mal estado.<\/p>\n\n\n\n<figure class=\"wp-block-image size-large\"><img loading=\"lazy\" decoding=\"async\" width=\"1024\" height=\"576\" src=\"https:\/\/regresenger.com\/wp-content\/uploads\/2023\/03\/1679861686318-1024x576.jpg\" alt=\"\" class=\"wp-image-1072\" srcset=\"https:\/\/regresenger.com\/wp-content\/uploads\/2023\/03\/1679861686318-1024x576.jpg 1024w, https:\/\/regresenger.com\/wp-content\/uploads\/2023\/03\/1679861686318-300x169.jpg 300w, https:\/\/regresenger.com\/wp-content\/uploads\/2023\/03\/1679861686318-768x432.jpg 768w, https:\/\/regresenger.com\/wp-content\/uploads\/2023\/03\/1679861686318-1536x864.jpg 1536w, https:\/\/regresenger.com\/wp-content\/uploads\/2023\/03\/1679861686318-2048x1152.jpg 2048w, https:\/\/regresenger.com\/wp-content\/uploads\/2023\/03\/1679861686318-600x338.jpg 600w\" sizes=\"auto, (max-width: 1024px) 100vw, 1024px\" \/><\/figure>\n\n\n\n<p><strong>DERBI VARIANT<\/strong><\/p>\n\n\n\n<figure class=\"wp-block-image size-large\"><img loading=\"lazy\" decoding=\"async\" width=\"994\" height=\"1024\" src=\"https:\/\/regresenger.com\/wp-content\/uploads\/2023\/03\/1679838934553-994x1024.jpg\" alt=\"\" class=\"wp-image-1069\" srcset=\"https:\/\/regresenger.com\/wp-content\/uploads\/2023\/03\/1679838934553-994x1024.jpg 994w, https:\/\/regresenger.com\/wp-content\/uploads\/2023\/03\/1679838934553-291x300.jpg 291w, https:\/\/regresenger.com\/wp-content\/uploads\/2023\/03\/1679838934553-768x791.jpg 768w, https:\/\/regresenger.com\/wp-content\/uploads\/2023\/03\/1679838934553-1492x1536.jpg 1492w, https:\/\/regresenger.com\/wp-content\/uploads\/2023\/03\/1679838934553-1989x2048.jpg 1989w, https:\/\/regresenger.com\/wp-content\/uploads\/2023\/03\/1679838934553-600x618.jpg 600w\" sizes=\"auto, (max-width: 994px) 100vw, 994px\" \/><\/figure>\n","protected":false},"excerpt":{"rendered":"<p>VESPINOS GL Estas tres vespinos GL tienen mas de 40 a\u00f1os, estaban llenas de polvo en almacenes esperando a que alguien las echara un ojo y las restauraran o simplemente acabarian en la chatarra. Tras ver muchos videos de youtube<\/p>\n","protected":false},"author":1,"featured_media":1058,"parent":0,"menu_order":0,"comment_status":"closed","ping_status":"closed","template":"","meta":{"footnotes":""},"class_list":["post-1056","page","type-page","status-publish","has-post-thumbnail","hentry"],"_links":{"self":[{"href":"https:\/\/regresenger.com\/index.php?rest_route=\/wp\/v2\/pages\/1056","targetHints":{"allow":["GET"]}}],"collection":[{"href":"https:\/\/regresenger.com\/index.php?rest_route=\/wp\/v2\/pages"}],"about":[{"href":"https:\/\/regresenger.com\/index.php?rest_route=\/wp\/v2\/types\/page"}],"author":[{"embeddable":true,"href":"https:\/\/regresenger.com\/index.php?rest_route=\/wp\/v2\/users\/1"}],"replies":[{"embeddable":true,"href":"https:\/\/regresenger.com\/index.php?rest_route=%2Fwp%2Fv2%2Fcomments&post=1056"}],"version-history":[{"count":5,"href":"https:\/\/regresenger.com\/index.php?rest_route=\/wp\/v2\/pages\/1056\/revisions"}],"predecessor-version":[{"id":1084,"href":"https:\/\/regresenger.com\/index.php?rest_route=\/wp\/v2\/pages\/1056\/revisions\/1084"}],"wp:featuredmedia":[{"embeddable":true,"href":"https:\/\/regresenger.com\/index.php?rest_route=\/wp\/v2\/media\/1058"}],"wp:attachment":[{"href":"https:\/\/regresenger.com\/index.php?rest_route=%2Fwp%2Fv2%2Fmedia&parent=1056"}],"curies":[{"name":"wp","href":"https:\/\/api.w.org\/{rel}","templated":true}]}}