{"id":778,"date":"2020-05-07T09:19:48","date_gmt":"2020-05-07T09:19:48","guid":{"rendered":"http:\/\/regresenger.com\/alternativa\/?post_type=product&#038;p=778"},"modified":"2023-03-27T15:06:19","modified_gmt":"2023-03-27T15:06:19","slug":"figarol-2016-corrupcion","status":"publish","type":"product","link":"http:\/\/regresenger.com\/alternativa\/producto\/figarol-2016-corrupcion\/","title":{"rendered":"Corrupci\u00f3n en Figarol  (2016- 2022)"},"content":{"rendered":"<p>Dise\u00f1o\u00a0 realizado en el a\u00f1o 2016 que indign\u00f3 a algunos figaroleses, sobre todo\u00a0 j\u00f3venes, en la actualidad\u00a0 (a\u00f1o 2022), los que m\u00e1s se indignaron por un dibujo son los que m\u00e1s escondidos\u00a0 y callados han estado ante la corrupci\u00f3n y\u00a0 la indefensi\u00f3n\u00a0 de\u00a0 los intereses del pueblo. Todo empieza en el a\u00f1o 2016 cuando se descubre que el presidente del concejo no estaba pagando lo que correspond\u00eda de su alquiler y enganchaba la luz del alumbrado p\u00fablico a su negocio&#8230; y encima, la Administraci\u00f3n Navarra no controla, no persigue y calla ante las irregularidades que ocurren en sus ayuntamientos o concejos y tienen que ser unos <strong>VECINOS VALIENTES<\/strong> que, hartos de acudir a distintos organismos p\u00fablicos y con dinero de su propio bolsillo, denuncian ante la justicia las irregularidades cometidas y reconocidas por el propio presidente del concejo de Figarol\u00a0 durante su mandato desde el a\u00f1o 2011 hasta 2023. Tras varios recursos judiciales contra la administraci\u00f3n del Gobierno de Navarra , el presidente del concejo fue condenado a pagar y conseguimos recuperar un dinero para el pueblo el 3 de agosto de 2021.<\/p>\n","protected":false},"excerpt":{"rendered":"<p>Simboliza la corrupci\u00f3n de nuestro pueblo en la que se han dejado de ingresar miles de euros entre los a\u00f1os 2016-2022.<\/p>\n","protected":false},"featured_media":779,"template":"","meta":[],"_links":{"self":[{"href":"http:\/\/regresenger.com\/alternativa\/wp-json\/wp\/v2\/product\/778"}],"collection":[{"href":"http:\/\/regresenger.com\/alternativa\/wp-json\/wp\/v2\/product"}],"about":[{"href":"http:\/\/regresenger.com\/alternativa\/wp-json\/wp\/v2\/types\/product"}],"wp:featuredmedia":[{"embeddable":true,"href":"http:\/\/regresenger.com\/alternativa\/wp-json\/wp\/v2\/media\/779"}],"wp:attachment":[{"href":"http:\/\/regresenger.com\/alternativa\/wp-json\/wp\/v2\/media?parent=778"}],"curies":[{"name":"wp","href":"https:\/\/api.w.org\/{rel}","templated":true}]}}