{"id":234,"date":"2018-03-22T06:23:52","date_gmt":"2018-03-22T06:23:52","guid":{"rendered":"https:\/\/demo.themegrill.com\/radiate\/?page_id=229"},"modified":"2020-05-08T13:05:04","modified_gmt":"2020-05-08T13:05:04","slug":"contact","status":"publish","type":"page","link":"http:\/\/regresenger.com\/alternativa\/contact\/","title":{"rendered":"Contacto"},"content":{"rendered":"<p>Rellena este formulario para hacer tu pedido o escr\u00edbeme para hacer cualquier consulta<\/p>\n<div class=\"everest-forms\"><div class=\"evf-container default\" id=\"evf-914\"><form id=\"evf-form-914\" class=\"everest-form\" data-formid=\"914\" data-ajax_submission=\"0\" data-keyboard_friendly_form=\"0\" method=\"post\" enctype=\"multipart\/form-data\" action=\"\/alternativa\/wp-json\/wp\/v2\/pages\/234\"><div class=\"evf-field-container\"><input type=\"hidden\" id=\"_wpnonce914\" name=\"_wpnonce914\" value=\"2891db8397\" \/><input type=\"hidden\" name=\"_wp_http_referer\" value=\"\/alternativa\/wp-json\/wp\/v2\/pages\/234\" \/><div class=\"evf-frontend-row\" data-row=\"row_1\" conditional_rules=\"[]\"><div class=\"evf-frontend-grid evf-grid-1\" data-grid=\"grid_1\"><div id=\"evf-914-field_ys0GeZISRs-1-container\" class=\"evf-field evf-field-first-name form-row validate-required\" data-required-field-message=\"Este campo es obligatorio.\" data-field-id=\"ys0GeZISRs-1\"><label class=\"evf-field-label\" for=\"evf-914-field_ys0GeZISRs-1\"><span class=\"evf-label\">Nombre<\/span> <abbr class=\"required\" title=\"Obligatorio\">*<\/abbr><\/label><input type=\"text\" id=\"evf-914-field_ys0GeZISRs-1\" class=\"input-text\" name=\"everest_forms[form_fields][ys0GeZISRs-1]\" required><\/div><div id=\"evf-914-field_LbH5NxasXM-2-container\" class=\"evf-field evf-field-email form-row validate-required validate-email\" data-required-field-message=\"Por favor, usa una direcci\u00f3n de correo electr\u00f3nico v\u00e1lida.\" data-field-id=\"LbH5NxasXM-2\"><label class=\"evf-field-label\" for=\"evf-914-field_LbH5NxasXM-2\"><span class=\"evf-label\">Email<\/span> <abbr class=\"required\" title=\"Obligatorio\">*<\/abbr><\/label><input type=\"email\" id=\"evf-914-field_LbH5NxasXM-2\" class=\"input-text\" name=\"everest_forms[form_fields][LbH5NxasXM-2]\" required ><\/div><div id=\"evf-914-field_66FR384cge-3-container\" class=\"evf-field evf-field-text form-row\" data-field-id=\"66FR384cge-3\"><label class=\"evf-field-label\" for=\"evf-914-field_66FR384cge-3\"><span class=\"evf-label\">Subject<\/span> <\/label><input type=\"text\" id=\"evf-914-field_66FR384cge-3\" class=\"input-text\" name=\"everest_forms[form_fields][66FR384cge-3]\" ><\/div><div id=\"evf-914-field_yhGx3FOwr2-4-container\" class=\"evf-field evf-field-textarea form-row\" data-field-id=\"yhGx3FOwr2-4\"><label class=\"evf-field-label\" for=\"evf-914-field_yhGx3FOwr2-4\"><span class=\"evf-label\">Mensaje<\/span> <\/label><textarea id=\"evf-914-field_yhGx3FOwr2-4\" class=\"input-text\" name=\"everest_forms[form_fields][yhGx3FOwr2-4]\"  ><\/textarea><\/div><\/div><\/div><\/div><div class=\"evf-honeypot-container evf-field-hp\"><label for=\"evf-914-field-hp\" class=\"evf-field-label\">Website<\/label><input type=\"text\" name=\"everest_forms[hp]\" id=\"evf-914-field-hp\" class=\"input-text\"><\/div><div class=\"evf-submit-container \" ><input type=\"hidden\" name=\"everest_forms[id]\" value=\"914\"><input type=\"hidden\" name=\"everest_forms[author]\" value=\"1\"><button type='submit' name='everest_forms[submit]' class='everest-forms-submit-button button evf-submit ' id='evf-submit-914' value='evf-submit' data-process-text=\"Procesando...\" conditional_rules='&quot;&quot;' conditional_id='evf-submit-914'  id=\"evf-submit-914\" aria-live=\"assertive\">Enviar<\/button><\/div><\/form><\/div><!-- .evf-container --><\/div>\n","protected":false},"excerpt":{"rendered":"<p>Rellena este formulario para hacer tu pedido o escr\u00edbeme para hacer cualquier consulta<\/p>\n","protected":false},"author":1,"featured_media":0,"parent":0,"menu_order":0,"comment_status":"closed","ping_status":"closed","template":"","meta":[],"_links":{"self":[{"href":"http:\/\/regresenger.com\/alternativa\/wp-json\/wp\/v2\/pages\/234"}],"collection":[{"href":"http:\/\/regresenger.com\/alternativa\/wp-json\/wp\/v2\/pages"}],"about":[{"href":"http:\/\/regresenger.com\/alternativa\/wp-json\/wp\/v2\/types\/page"}],"author":[{"embeddable":true,"href":"http:\/\/regresenger.com\/alternativa\/wp-json\/wp\/v2\/users\/1"}],"replies":[{"embeddable":true,"href":"http:\/\/regresenger.com\/alternativa\/wp-json\/wp\/v2\/comments?post=234"}],"version-history":[{"count":3,"href":"http:\/\/regresenger.com\/alternativa\/wp-json\/wp\/v2\/pages\/234\/revisions"}],"predecessor-version":[{"id":915,"href":"http:\/\/regresenger.com\/alternativa\/wp-json\/wp\/v2\/pages\/234\/revisions\/915"}],"wp:attachment":[{"href":"http:\/\/regresenger.com\/alternativa\/wp-json\/wp\/v2\/media?parent=234"}],"curies":[{"name":"wp","href":"https:\/\/api.w.org\/{rel}","templated":true}]}}